{"id":6121,"date":"2018-05-29T11:44:08","date_gmt":"2018-05-29T18:44:08","guid":{"rendered":"https:\/\/indigenoustourism.ca\/corporate\/fr\/?page_id=6121"},"modified":"2021-03-29T10:42:35","modified_gmt":"2021-03-29T17:42:35","slug":"politique-de-confidentialite","status":"publish","type":"page","link":"https:\/\/indigenoustourism.ca\/fr\/politique-de-confidentialite\/","title":{"rendered":"Politique de confidentialit\u00e9"},"content":{"rendered":"<p><strong>Derni\u00e8re mise \u00e0 jour\u00a0: 23 mai 2018<\/strong><\/p>\n<p>L\u2019Association touristique autochtone du Canada (\u00ab\u00a0nous\u00a0\u00bb ou \u00ab\u00a0notre\/nos\u00a0\u00bb) est le gestionnaire du site IndigenousTourism.ca\/corporate. Cette page vous informe de nos politiques en mati\u00e8re de collecte, d\u2019utilisation et de divulgation des renseignements personnels que nous recevons des utilisateurs du site.<\/p>\n<p>Nous utilisons vos renseignements personnels uniquement pour fournir et am\u00e9liorer le site. En utilisant le site, vous acceptez la collecte et l\u2019utilisation des informations conform\u00e9ment \u00e0 cette politique.<\/p>\n<h3>Collecte et utilisation d\u2019informations<\/h3>\n<p>En utilisant notre site, nous pouvons vous demander de nous fournir certaines informations personnelles identifiables qui peuvent \u00eatre utilis\u00e9es pour vous contacter ou vous identifier. Ces informations peuvent inclure, mais sans s&rsquo;y limiter, votre nom et votre adresse \u00e9lectronique (\u00ab Renseignements personnels \u00bb). Nous demandons ces informations sur notre page \u00ab\u00a0Nous joindre\u00a0\u00bb (<a href=\"https:\/\/indigenoustourism.ca\/fr\/nous-joindre\/\">IndigenousTourism.ca\/corporate\/fr\/nous-joindre<\/a>).<\/p>\n<h3>Consentement<\/h3>\n<h4>Comment obtenez-vous mon consentement?<\/h4>\n<p>Lorsque vous nous fournissez vos renseignements personnels sur notre formulaire de contact, nous sous-entendons que vous consentez \u00e0 ce que nous les recueillions et les utilisions pour vous contacter.<\/p>\n<h4>Comment puis-je retirer mon consentement?<\/h4>\n<p>Si vous changez d\u2019avis apr\u00e8s nous avoir contact\u00e9, vous pouvez retirer en tout temps votre consentement \u00e0 ce que nous communiquions avec vous pour recueillir, utiliser ou divulguer vos Renseignements personnels en nous envoyant un courriel \u00e0 info@IndigenousTourism.ca.<\/p>\n<h3>Journaux de donn\u00e9es<\/h3>\n<p>Comme beaucoup d\u2019exploitants de sites, nous recueillons des informations que votre navigateur nous transmet \u00e0 chaque fois que vous consultez notre site (\u00ab\u00a0Journaux de donn\u00e9es\u00a0\u00bb).<\/p>\n<p>Ces Journaux de donn\u00e9es peuvent inclure des informations telles que l\u2019adresse de protocole Internet (\u00ab\u00a0IP\u00a0\u00bb) de votre ordinateur, le type et la version de votre navigateur, les pages de notre site que vous consultez, l\u2019heure et la date de consultation, le temps pass\u00e9 sur ces pages ainsi que d\u2019autres statistiques.<\/p>\n<p>En outre, nous pouvons utiliser des services tiers comme, mais sans s&rsquo;y limiter, Google Analytics et Facebook Tracking Pixels qui recueillent, surveillent et analysent les actions des utilisateurs sur notre site Web.<\/p>\n<h3>T\u00e9moins de connexion<\/h3>\n<p>Les t\u00e9moins de connexion sont des fichiers avec une petite quantit\u00e9 de donn\u00e9es, qui peuvent inclure un identifiant unique anonyme. Les t\u00e9moins sont envoy\u00e9s \u00e0 votre navigateur \u00e0 partir d&rsquo;un site Web et stock\u00e9s sur le disque dur de votre ordinateur.<\/p>\n<p>Comme beaucoup de sites, nous utilisons des t\u00e9moins de connexion pour recueillir des informations. \u00a0Vous pouvez configurer votre navigateur pour refuser tous les t\u00e9moins ou pour indiquer quand un t\u00e9moin est envoy\u00e9. Toutefois, si vous n\u2019acceptez pas les t\u00e9moins, vous pourriez ne pas \u00eatre en mesure d&rsquo;utiliser certaines parties de notre site.<\/p>\n<p>Pour plus d\u2019informations sur la fa\u00e7on dont nous utilisons les t\u00e9moins, veuillez consulter notre politique des <a href=\"https:\/\/indigenoustourism.ca\/fr\/politique-des-temoins-de-connexion\/\">t\u00e9moins de connexion<\/a>.<\/p>\n<h3>S\u00e9curit\u00e9<\/h3>\n<p>La s\u00e9curit\u00e9 de vos Renseignements personnels est importante pour nous, mais rappelez-vous qu\u2019aucune m\u00e9thode de transmission sur Internet ou de stockage \u00e9lectronique n\u2019est s\u00e9curis\u00e9e \u00e0 100 %. Alors que nous nous effor\u00e7ons d&rsquo;utiliser des moyens commercialement acceptables pour prot\u00e9ger vos Renseignements personnels, nous ne pouvons garantir leur s\u00e9curit\u00e9 absolue.<\/p>\n<h3>Modifications apport\u00e9es \u00e0 cette politique de confidentialit\u00e9<\/h3>\n<p>Cette politique de confidentialit\u00e9 entre en vigueur \u00e0 compter de mai 2018 et demeurera en vigueur sauf en ce qui concerne les modifications de ses dispositions futures, qui entreront en vigueur imm\u00e9diatement apr\u00e8s leur publication sur cette page.<\/p>\n<p>Nous nous r\u00e9servons le droit de mettre \u00e0 jour ou de modifier notre politique de confidentialit\u00e9 \u00e0 tout moment. Il est de votre responsabilit\u00e9 de v\u00e9rifier r\u00e9guli\u00e8rement cette page. Votre utilisation continue du Service apr\u00e8s que nous ayons publi\u00e9 des modifications \u00e0 la politique de confidentialit\u00e9 sur cette page constituera votre reconnaissance des modifications et votre consentement \u00e0 respecter et \u00e0 \u00eatre li\u00e9 par la politique de confidentialit\u00e9 modifi\u00e9e.<\/p>\n<p>Si nous apportons des changements importants \u00e0 cette politique de confidentialit\u00e9, nous vous en informerons soit \u00e0 l&rsquo;adresse \u00e9lectronique que vous nous avez fournie, ou en pla\u00e7ant un avis bien visible sur notre site Web.<\/p>\n<h3>Nous joindre<\/h3>\n<p>Veuillez nous contacter pour toute question concernant cette politique de confidentialit\u00e9. info@indigenoustourism.ca<\/p>\n","protected":false},"excerpt":{"rendered":"<p>Derni\u00e8re mise \u00e0 jour\u00a0: 23 mai 2018 L\u2019Association touristique autochtone du Canada (\u00ab\u00a0nous\u00a0\u00bb ou \u00ab\u00a0notre\/nos\u00a0\u00bb) est le gestionnaire du site IndigenousTourism.ca\/corporate. Cette page vous informe de nos politiques en mati\u00e8re de collecte, d\u2019utilisation et de divulgation des renseignements personnels que nous recevons des utilisateurs du site. Nous utilisons vos renseignements personnels uniquement pour fournir et [&hellip;]<\/p>\n","protected":false},"author":14,"featured_media":0,"parent":0,"menu_order":0,"comment_status":"closed","ping_status":"closed","template":"page-templates\/page-contact-sidebar.php","meta":{"_acf_changed":false,"footnotes":""},"class_list":["post-6121","page","type-page","status-publish","hentry","category-pages-fr"],"acf":[],"yoast_head":"<!-- This site is optimized with the Yoast SEO plugin v24.6 - https:\/\/yoast.com\/wordpress\/plugins\/seo\/ -->\n<title>Politique de confidentialit\u00e9 - Association touristique autochtone du Canada<\/title>\n<meta name=\"description\" content=\"Derni\u00e8re mise \u00e0 jour\u00a0: 23 mai 2018 L\u2019Association touristique autochtone du Canada (\u00ab\u00a0nous\u00a0\u00bb ou \u00ab\u00a0notre\/nos\u00a0\u00bb) est le gestionnaire du site\" \/>\n<meta name=\"robots\" content=\"index, follow, max-snippet:-1, max-image-preview:large, max-video-preview:-1\" \/>\n<link rel=\"canonical\" href=\"https:\/\/indigenoustourism.ca\/fr\/politique-de-confidentialite\/\" \/>\n<meta property=\"og:locale\" content=\"fr_FR\" \/>\n<meta property=\"og:type\" content=\"article\" \/>\n<meta property=\"og:title\" content=\"Politique de confidentialit\u00e9 - Association touristique autochtone du Canada\" \/>\n<meta property=\"og:description\" content=\"Derni\u00e8re mise \u00e0 jour\u00a0: 23 mai 2018 L\u2019Association touristique autochtone du Canada (\u00ab\u00a0nous\u00a0\u00bb ou \u00ab\u00a0notre\/nos\u00a0\u00bb) est le gestionnaire du site\" \/>\n<meta property=\"og:url\" content=\"https:\/\/indigenoustourism.ca\/fr\/politique-de-confidentialite\/\" \/>\n<meta property=\"og:site_name\" content=\"Association touristique autochtone du Canada\" \/>\n<meta property=\"article:modified_time\" content=\"2021-03-29T17:42:35+00:00\" \/>\n<meta property=\"og:image\" content=\"https:\/\/indigenoustourism.ca\/wp-content\/uploads\/2020\/03\/ITAC-Fallback-Image.jpg\" \/>\n\t<meta property=\"og:image:width\" content=\"1920\" \/>\n\t<meta property=\"og:image:height\" content=\"1080\" \/>\n\t<meta property=\"og:image:type\" content=\"image\/jpeg\" \/>\n<meta name=\"twitter:card\" content=\"summary_large_image\" \/>\n<meta name=\"twitter:site\" content=\"@itac_corporate\" \/>\n<meta name=\"twitter:label1\" content=\"Dur\u00e9e de lecture estim\u00e9e\" \/>\n\t<meta name=\"twitter:data1\" content=\"3 minutes\" \/>\n<script type=\"application\/ld+json\" class=\"yoast-schema-graph\">{\"@context\":\"https:\/\/schema.org\",\"@graph\":[{\"@type\":\"WebPage\",\"@id\":\"https:\/\/indigenoustourism.ca\/fr\/politique-de-confidentialite\/\",\"url\":\"https:\/\/indigenoustourism.ca\/fr\/politique-de-confidentialite\/\",\"name\":\"Politique de confidentialit\u00e9 - Association touristique autochtone du Canada\",\"isPartOf\":{\"@id\":\"https:\/\/indigenoustourism.ca\/#website\"},\"datePublished\":\"2018-05-29T18:44:08+00:00\",\"dateModified\":\"2021-03-29T17:42:35+00:00\",\"description\":\"Derni\u00e8re mise \u00e0 jour\u00a0: 23 mai 2018 L\u2019Association touristique autochtone du Canada (\u00ab\u00a0nous\u00a0\u00bb ou \u00ab\u00a0notre\/nos\u00a0\u00bb) est le gestionnaire du site\",\"breadcrumb\":{\"@id\":\"https:\/\/indigenoustourism.ca\/fr\/politique-de-confidentialite\/#breadcrumb\"},\"inLanguage\":\"fr-FR\",\"potentialAction\":[{\"@type\":\"ReadAction\",\"target\":[\"https:\/\/indigenoustourism.ca\/fr\/politique-de-confidentialite\/\"]}]},{\"@type\":\"BreadcrumbList\",\"@id\":\"https:\/\/indigenoustourism.ca\/fr\/politique-de-confidentialite\/#breadcrumb\",\"itemListElement\":[{\"@type\":\"ListItem\",\"position\":1,\"name\":\"Home\",\"item\":\"https:\/\/indigenoustourism.ca\/fr\/home\/\"},{\"@type\":\"ListItem\",\"position\":2,\"name\":\"Politique de confidentialit\u00e9\"}]},{\"@type\":\"WebSite\",\"@id\":\"https:\/\/indigenoustourism.ca\/#website\",\"url\":\"https:\/\/indigenoustourism.ca\/\",\"name\":\"Association touristique autochtone du Canada\",\"description\":\"Corporate\",\"publisher\":{\"@id\":\"https:\/\/indigenoustourism.ca\/#organization\"},\"potentialAction\":[{\"@type\":\"SearchAction\",\"target\":{\"@type\":\"EntryPoint\",\"urlTemplate\":\"https:\/\/indigenoustourism.ca\/?s={search_term_string}\"},\"query-input\":{\"@type\":\"PropertyValueSpecification\",\"valueRequired\":true,\"valueName\":\"search_term_string\"}}],\"inLanguage\":\"fr-FR\"},{\"@type\":\"Organization\",\"@id\":\"https:\/\/indigenoustourism.ca\/#organization\",\"name\":\"Association touristique autochtone du Canada\",\"url\":\"https:\/\/indigenoustourism.ca\/\",\"logo\":{\"@type\":\"ImageObject\",\"inLanguage\":\"fr-FR\",\"@id\":\"https:\/\/indigenoustourism.ca\/#\/schema\/logo\/image\/\",\"url\":\"https:\/\/indigenoustourism.ca\/wp-content\/uploads\/2018\/02\/ITAC-logo-corporate-bilingual-standard@300x.png\",\"contentUrl\":\"https:\/\/indigenoustourism.ca\/wp-content\/uploads\/2018\/02\/ITAC-logo-corporate-bilingual-standard@300x.png\",\"width\":2408,\"height\":701,\"caption\":\"Association touristique autochtone du Canada\"},\"image\":{\"@id\":\"https:\/\/indigenoustourism.ca\/#\/schema\/logo\/image\/\"},\"sameAs\":[\"https:\/\/x.com\/itac_corporate\"]}]}<\/script>\n<!-- \/ Yoast SEO plugin. -->","yoast_head_json":{"title":"Politique de confidentialit\u00e9 - Association touristique autochtone du Canada","description":"Derni\u00e8re mise \u00e0 jour\u00a0: 23 mai 2018 L\u2019Association touristique autochtone du Canada (\u00ab\u00a0nous\u00a0\u00bb ou \u00ab\u00a0notre\/nos\u00a0\u00bb) est le gestionnaire du site","robots":{"index":"index","follow":"follow","max-snippet":"max-snippet:-1","max-image-preview":"max-image-preview:large","max-video-preview":"max-video-preview:-1"},"canonical":"https:\/\/indigenoustourism.ca\/fr\/politique-de-confidentialite\/","og_locale":"fr_FR","og_type":"article","og_title":"Politique de confidentialit\u00e9 - Association touristique autochtone du Canada","og_description":"Derni\u00e8re mise \u00e0 jour\u00a0: 23 mai 2018 L\u2019Association touristique autochtone du Canada (\u00ab\u00a0nous\u00a0\u00bb ou \u00ab\u00a0notre\/nos\u00a0\u00bb) est le gestionnaire du site","og_url":"https:\/\/indigenoustourism.ca\/fr\/politique-de-confidentialite\/","og_site_name":"Association touristique autochtone du Canada","article_modified_time":"2021-03-29T17:42:35+00:00","og_image":[{"width":1920,"height":1080,"url":"https:\/\/indigenoustourism.ca\/wp-content\/uploads\/2020\/03\/ITAC-Fallback-Image.jpg","type":"image\/jpeg"}],"twitter_card":"summary_large_image","twitter_site":"@itac_corporate","twitter_misc":{"Dur\u00e9e de lecture estim\u00e9e":"3 minutes"},"schema":{"@context":"https:\/\/schema.org","@graph":[{"@type":"WebPage","@id":"https:\/\/indigenoustourism.ca\/fr\/politique-de-confidentialite\/","url":"https:\/\/indigenoustourism.ca\/fr\/politique-de-confidentialite\/","name":"Politique de confidentialit\u00e9 - Association touristique autochtone du Canada","isPartOf":{"@id":"https:\/\/indigenoustourism.ca\/#website"},"datePublished":"2018-05-29T18:44:08+00:00","dateModified":"2021-03-29T17:42:35+00:00","description":"Derni\u00e8re mise \u00e0 jour\u00a0: 23 mai 2018 L\u2019Association touristique autochtone du Canada (\u00ab\u00a0nous\u00a0\u00bb ou \u00ab\u00a0notre\/nos\u00a0\u00bb) est le gestionnaire du site","breadcrumb":{"@id":"https:\/\/indigenoustourism.ca\/fr\/politique-de-confidentialite\/#breadcrumb"},"inLanguage":"fr-FR","potentialAction":[{"@type":"ReadAction","target":["https:\/\/indigenoustourism.ca\/fr\/politique-de-confidentialite\/"]}]},{"@type":"BreadcrumbList","@id":"https:\/\/indigenoustourism.ca\/fr\/politique-de-confidentialite\/#breadcrumb","itemListElement":[{"@type":"ListItem","position":1,"name":"Home","item":"https:\/\/indigenoustourism.ca\/fr\/home\/"},{"@type":"ListItem","position":2,"name":"Politique de confidentialit\u00e9"}]},{"@type":"WebSite","@id":"https:\/\/indigenoustourism.ca\/#website","url":"https:\/\/indigenoustourism.ca\/","name":"Association touristique autochtone du Canada","description":"Corporate","publisher":{"@id":"https:\/\/indigenoustourism.ca\/#organization"},"potentialAction":[{"@type":"SearchAction","target":{"@type":"EntryPoint","urlTemplate":"https:\/\/indigenoustourism.ca\/?s={search_term_string}"},"query-input":{"@type":"PropertyValueSpecification","valueRequired":true,"valueName":"search_term_string"}}],"inLanguage":"fr-FR"},{"@type":"Organization","@id":"https:\/\/indigenoustourism.ca\/#organization","name":"Association touristique autochtone du Canada","url":"https:\/\/indigenoustourism.ca\/","logo":{"@type":"ImageObject","inLanguage":"fr-FR","@id":"https:\/\/indigenoustourism.ca\/#\/schema\/logo\/image\/","url":"https:\/\/indigenoustourism.ca\/wp-content\/uploads\/2018\/02\/ITAC-logo-corporate-bilingual-standard@300x.png","contentUrl":"https:\/\/indigenoustourism.ca\/wp-content\/uploads\/2018\/02\/ITAC-logo-corporate-bilingual-standard@300x.png","width":2408,"height":701,"caption":"Association touristique autochtone du Canada"},"image":{"@id":"https:\/\/indigenoustourism.ca\/#\/schema\/logo\/image\/"},"sameAs":["https:\/\/x.com\/itac_corporate"]}]}},"_links":{"self":[{"href":"https:\/\/indigenoustourism.ca\/fr\/wp-json\/wp\/v2\/pages\/6121","targetHints":{"allow":["GET"]}}],"collection":[{"href":"https:\/\/indigenoustourism.ca\/fr\/wp-json\/wp\/v2\/pages"}],"about":[{"href":"https:\/\/indigenoustourism.ca\/fr\/wp-json\/wp\/v2\/types\/page"}],"author":[{"embeddable":true,"href":"https:\/\/indigenoustourism.ca\/fr\/wp-json\/wp\/v2\/users\/14"}],"replies":[{"embeddable":true,"href":"https:\/\/indigenoustourism.ca\/fr\/wp-json\/wp\/v2\/comments?post=6121"}],"version-history":[{"count":0,"href":"https:\/\/indigenoustourism.ca\/fr\/wp-json\/wp\/v2\/pages\/6121\/revisions"}],"wp:attachment":[{"href":"https:\/\/indigenoustourism.ca\/fr\/wp-json\/wp\/v2\/media?parent=6121"}],"curies":[{"name":"wp","href":"https:\/\/api.w.org\/{rel}","templated":true}]}}