{"id":6120,"date":"2018-05-29T11:44:02","date_gmt":"2018-05-29T18:44:02","guid":{"rendered":"https:\/\/indigenoustourism.ca\/corporate\/fr\/?page_id=6120"},"modified":"2021-03-27T15:32:16","modified_gmt":"2021-03-27T22:32:16","slug":"politique-des-temoins-de-connexion","status":"publish","type":"page","link":"https:\/\/indigenoustourism.ca\/fr\/politique-des-temoins-de-connexion\/","title":{"rendered":"Politique des t\u00e9moins de connexion"},"content":{"rendered":"<p><strong>Derni\u00e8re mise \u00e0 jour\u00a0: 23 mai 2018<\/strong><\/p>\n<p>L\u2019Association touristique autochtone du Canada (\u00ab\u00a0nous\u00a0\u00bb ou \u00ab\u00a0notre\/nos\u00a0\u00bb) utilise des t\u00e9moins de connexion sur Indigenoustourism.ca\/corporate (le \u00ab\u00a0Service\u00a0\u00bb). En utilisant le Service, vous consentez \u00e0 l\u2019utilisation des t\u00e9moins. Notre politique des t\u00e9moins de connexion explique ce que sont les t\u00e9moins, comment nous les utilisons, comment les tiers avec qui nous pouvons nous associer peuvent les utiliser sur le Service, vos options ainsi que d\u2019autres informations concernant les t\u00e9moins.<\/p>\n<h3>Qu\u2019est-ce qu\u2019un t\u00e9moin de connexion?<\/h3>\n<p>Les t\u00e9moins de connexion sont de petites s\u00e9quences de texte envoy\u00e9es par votre navigateur Web lorsque vous visitez un site. Un fichier de t\u00e9moins est stock\u00e9 dans votre navigateur Web et permet au Service ou \u00e0 un tiers de vous reconna\u00eetre, de faciliter votre prochaine visite et de rendre le Service plus utile pour vous.<\/p>\n<p>Les t\u00e9moins peuvent \u00eatre des t\u00e9moins \u00ab\u00a0persistants\u00a0\u00bb ou \u00ab\u00a0de session\u00a0\u00bb.<\/p>\n<h3>Comment l\u2019Association touristique autochtone du Canada utilise-t-elle des t\u00e9moins de connexion?<\/h3>\n<p>Quand vous utilisez au acc\u00e9dez au Service, nous pouvons placer un certain nombre de fichiers de t\u00e9moins dans votre navigateur Web. Nous utilisons des t\u00e9moins aux fins suivantes\u00a0: pour activer certaines fonctionnalit\u00e9s du Service, pour r\u00e9aliser des analyses, pour stocker vos pr\u00e9f\u00e9rences et faciliter la diffusion de publicit\u00e9s incluant les publicit\u00e9s comportementales.<\/p>\n<p>Nous utilisons des t\u00e9moins de session et persistants sur le Service et diff\u00e9rents types de t\u00e9moins pour le fonctionnement du Service\u00a0:<\/p>\n<p>\u2013 T\u00e9moins essentiels. Nous pouvons utiliser des t\u00e9moins essentiels pour authentifier les utilisateurs et pr\u00e9venir l\u2019utilisation frauduleuse des comptes d\u2019utilisateurs.<\/p>\n<h3>T\u00e9moins de connexion tiers<\/h3>\n<p>En plus de nos propres t\u00e9moins de connexion, nous pouvons \u00e9galement utiliser divers t\u00e9moins tiers pour signaler les statistiques d\u2019utilisation du Service, diffuser des publicit\u00e9s sur et via le Service, etc.<\/p>\n<h3>Quelles sont vos options en mati\u00e8re de t\u00e9moins de connexion?<\/h3>\n<p>Si vous souhaitez supprimer les t\u00e9moins ou indiquer \u00e0 votre navigateur Web de supprimer ou de refuser les t\u00e9moins, veuillez visiter les pages d\u2019aide de votre navigateur.<\/p>\n<p>Toutefois, veuillez noter que si vous supprimez ou refusez les t\u00e9moins, vous pourriez ne plus pouvoir utiliser toutes les fonctionnalit\u00e9s que nous offrons. Vous pourriez ne plus pouvoir stocker vos pr\u00e9f\u00e9rences et certaines de nos pages pourraient ne plus s\u2019afficher correctement.<\/p>\n<h3>O\u00f9 pouvez-vous trouver plus de renseignements sur les t\u00e9moins?<\/h3>\n<p>Vous pouvez en apprendre davantage sur les sites Web tiers suivants\u00a0:<\/p>\n<p>All About Cookies : AllAboutCookies.org<\/p>\n<p>Network Advertising Initiative : NetworkAdvertising.org<\/p>\n<p>Voir notre <a href=\"https:\/\/indigenoustourism.ca\/fr\/politique-de-confidentialite\/\">politique de confidentialit\u00e9<\/a><\/p>\n","protected":false},"excerpt":{"rendered":"<p>Derni\u00e8re mise \u00e0 jour\u00a0: 23 mai 2018 L\u2019Association touristique autochtone du Canada (\u00ab\u00a0nous\u00a0\u00bb ou \u00ab\u00a0notre\/nos\u00a0\u00bb) utilise des t\u00e9moins de connexion sur Indigenoustourism.ca\/corporate (le \u00ab\u00a0Service\u00a0\u00bb). En utilisant le Service, vous consentez \u00e0 l\u2019utilisation des t\u00e9moins. Notre politique des t\u00e9moins de connexion explique ce que sont les t\u00e9moins, comment nous les utilisons, comment les tiers avec qui [&hellip;]<\/p>\n","protected":false},"author":14,"featured_media":0,"parent":0,"menu_order":0,"comment_status":"closed","ping_status":"closed","template":"page-templates\/page-contact-sidebar.php","meta":{"_acf_changed":false,"footnotes":""},"class_list":["post-6120","page","type-page","status-publish","hentry","category-pages-fr"],"acf":[],"yoast_head":"<!-- This site is optimized with the Yoast SEO plugin v24.6 - https:\/\/yoast.com\/wordpress\/plugins\/seo\/ -->\n<title>Politique des t\u00e9moins de connexion - Association touristique autochtone du Canada<\/title>\n<meta name=\"description\" content=\"Derni\u00e8re mise \u00e0 jour\u00a0: 23 mai 2018 L\u2019Association touristique autochtone du Canada (\u00ab\u00a0nous\u00a0\u00bb ou \u00ab\u00a0notre\/nos\u00a0\u00bb) utilise des t\u00e9moins de connexion sur\" \/>\n<meta name=\"robots\" content=\"index, follow, max-snippet:-1, max-image-preview:large, max-video-preview:-1\" \/>\n<link rel=\"canonical\" href=\"https:\/\/indigenoustourism.ca\/fr\/politique-des-temoins-de-connexion\/\" \/>\n<meta property=\"og:locale\" content=\"fr_FR\" \/>\n<meta property=\"og:type\" content=\"article\" \/>\n<meta property=\"og:title\" content=\"Politique des t\u00e9moins de connexion - Association touristique autochtone du Canada\" \/>\n<meta property=\"og:description\" content=\"Derni\u00e8re mise \u00e0 jour\u00a0: 23 mai 2018 L\u2019Association touristique autochtone du Canada (\u00ab\u00a0nous\u00a0\u00bb ou \u00ab\u00a0notre\/nos\u00a0\u00bb) utilise des t\u00e9moins de connexion sur\" \/>\n<meta property=\"og:url\" content=\"https:\/\/indigenoustourism.ca\/fr\/politique-des-temoins-de-connexion\/\" \/>\n<meta property=\"og:site_name\" content=\"Association touristique autochtone du Canada\" \/>\n<meta property=\"article:modified_time\" content=\"2021-03-27T22:32:16+00:00\" \/>\n<meta property=\"og:image\" content=\"https:\/\/indigenoustourism.ca\/wp-content\/uploads\/2020\/03\/ITAC-Fallback-Image.jpg\" \/>\n\t<meta property=\"og:image:width\" content=\"1920\" \/>\n\t<meta property=\"og:image:height\" content=\"1080\" \/>\n\t<meta property=\"og:image:type\" content=\"image\/jpeg\" \/>\n<meta name=\"twitter:card\" content=\"summary_large_image\" \/>\n<meta name=\"twitter:site\" content=\"@itac_corporate\" \/>\n<meta name=\"twitter:label1\" content=\"Dur\u00e9e de lecture estim\u00e9e\" \/>\n\t<meta name=\"twitter:data1\" content=\"2 minutes\" \/>\n<script type=\"application\/ld+json\" class=\"yoast-schema-graph\">{\"@context\":\"https:\/\/schema.org\",\"@graph\":[{\"@type\":\"WebPage\",\"@id\":\"https:\/\/indigenoustourism.ca\/fr\/politique-des-temoins-de-connexion\/\",\"url\":\"https:\/\/indigenoustourism.ca\/fr\/politique-des-temoins-de-connexion\/\",\"name\":\"Politique des t\u00e9moins de connexion - Association touristique autochtone du Canada\",\"isPartOf\":{\"@id\":\"https:\/\/indigenoustourism.ca\/#website\"},\"datePublished\":\"2018-05-29T18:44:02+00:00\",\"dateModified\":\"2021-03-27T22:32:16+00:00\",\"description\":\"Derni\u00e8re mise \u00e0 jour\u00a0: 23 mai 2018 L\u2019Association touristique autochtone du Canada (\u00ab\u00a0nous\u00a0\u00bb ou \u00ab\u00a0notre\/nos\u00a0\u00bb) utilise des t\u00e9moins de connexion sur\",\"breadcrumb\":{\"@id\":\"https:\/\/indigenoustourism.ca\/fr\/politique-des-temoins-de-connexion\/#breadcrumb\"},\"inLanguage\":\"fr-FR\",\"potentialAction\":[{\"@type\":\"ReadAction\",\"target\":[\"https:\/\/indigenoustourism.ca\/fr\/politique-des-temoins-de-connexion\/\"]}]},{\"@type\":\"BreadcrumbList\",\"@id\":\"https:\/\/indigenoustourism.ca\/fr\/politique-des-temoins-de-connexion\/#breadcrumb\",\"itemListElement\":[{\"@type\":\"ListItem\",\"position\":1,\"name\":\"Home\",\"item\":\"https:\/\/indigenoustourism.ca\/fr\/home\/\"},{\"@type\":\"ListItem\",\"position\":2,\"name\":\"Politique des t\u00e9moins de connexion\"}]},{\"@type\":\"WebSite\",\"@id\":\"https:\/\/indigenoustourism.ca\/#website\",\"url\":\"https:\/\/indigenoustourism.ca\/\",\"name\":\"Association touristique autochtone du Canada\",\"description\":\"Corporate\",\"publisher\":{\"@id\":\"https:\/\/indigenoustourism.ca\/#organization\"},\"potentialAction\":[{\"@type\":\"SearchAction\",\"target\":{\"@type\":\"EntryPoint\",\"urlTemplate\":\"https:\/\/indigenoustourism.ca\/?s={search_term_string}\"},\"query-input\":{\"@type\":\"PropertyValueSpecification\",\"valueRequired\":true,\"valueName\":\"search_term_string\"}}],\"inLanguage\":\"fr-FR\"},{\"@type\":\"Organization\",\"@id\":\"https:\/\/indigenoustourism.ca\/#organization\",\"name\":\"Association touristique autochtone du Canada\",\"url\":\"https:\/\/indigenoustourism.ca\/\",\"logo\":{\"@type\":\"ImageObject\",\"inLanguage\":\"fr-FR\",\"@id\":\"https:\/\/indigenoustourism.ca\/#\/schema\/logo\/image\/\",\"url\":\"https:\/\/indigenoustourism.ca\/wp-content\/uploads\/2018\/02\/ITAC-logo-corporate-bilingual-standard@300x.png\",\"contentUrl\":\"https:\/\/indigenoustourism.ca\/wp-content\/uploads\/2018\/02\/ITAC-logo-corporate-bilingual-standard@300x.png\",\"width\":2408,\"height\":701,\"caption\":\"Association touristique autochtone du Canada\"},\"image\":{\"@id\":\"https:\/\/indigenoustourism.ca\/#\/schema\/logo\/image\/\"},\"sameAs\":[\"https:\/\/x.com\/itac_corporate\"]}]}<\/script>\n<!-- \/ Yoast SEO plugin. -->","yoast_head_json":{"title":"Politique des t\u00e9moins de connexion - Association touristique autochtone du Canada","description":"Derni\u00e8re mise \u00e0 jour\u00a0: 23 mai 2018 L\u2019Association touristique autochtone du Canada (\u00ab\u00a0nous\u00a0\u00bb ou \u00ab\u00a0notre\/nos\u00a0\u00bb) utilise des t\u00e9moins de connexion sur","robots":{"index":"index","follow":"follow","max-snippet":"max-snippet:-1","max-image-preview":"max-image-preview:large","max-video-preview":"max-video-preview:-1"},"canonical":"https:\/\/indigenoustourism.ca\/fr\/politique-des-temoins-de-connexion\/","og_locale":"fr_FR","og_type":"article","og_title":"Politique des t\u00e9moins de connexion - Association touristique autochtone du Canada","og_description":"Derni\u00e8re mise \u00e0 jour\u00a0: 23 mai 2018 L\u2019Association touristique autochtone du Canada (\u00ab\u00a0nous\u00a0\u00bb ou \u00ab\u00a0notre\/nos\u00a0\u00bb) utilise des t\u00e9moins de connexion sur","og_url":"https:\/\/indigenoustourism.ca\/fr\/politique-des-temoins-de-connexion\/","og_site_name":"Association touristique autochtone du Canada","article_modified_time":"2021-03-27T22:32:16+00:00","og_image":[{"width":1920,"height":1080,"url":"https:\/\/indigenoustourism.ca\/wp-content\/uploads\/2020\/03\/ITAC-Fallback-Image.jpg","type":"image\/jpeg"}],"twitter_card":"summary_large_image","twitter_site":"@itac_corporate","twitter_misc":{"Dur\u00e9e de lecture estim\u00e9e":"2 minutes"},"schema":{"@context":"https:\/\/schema.org","@graph":[{"@type":"WebPage","@id":"https:\/\/indigenoustourism.ca\/fr\/politique-des-temoins-de-connexion\/","url":"https:\/\/indigenoustourism.ca\/fr\/politique-des-temoins-de-connexion\/","name":"Politique des t\u00e9moins de connexion - Association touristique autochtone du Canada","isPartOf":{"@id":"https:\/\/indigenoustourism.ca\/#website"},"datePublished":"2018-05-29T18:44:02+00:00","dateModified":"2021-03-27T22:32:16+00:00","description":"Derni\u00e8re mise \u00e0 jour\u00a0: 23 mai 2018 L\u2019Association touristique autochtone du Canada (\u00ab\u00a0nous\u00a0\u00bb ou \u00ab\u00a0notre\/nos\u00a0\u00bb) utilise des t\u00e9moins de connexion sur","breadcrumb":{"@id":"https:\/\/indigenoustourism.ca\/fr\/politique-des-temoins-de-connexion\/#breadcrumb"},"inLanguage":"fr-FR","potentialAction":[{"@type":"ReadAction","target":["https:\/\/indigenoustourism.ca\/fr\/politique-des-temoins-de-connexion\/"]}]},{"@type":"BreadcrumbList","@id":"https:\/\/indigenoustourism.ca\/fr\/politique-des-temoins-de-connexion\/#breadcrumb","itemListElement":[{"@type":"ListItem","position":1,"name":"Home","item":"https:\/\/indigenoustourism.ca\/fr\/home\/"},{"@type":"ListItem","position":2,"name":"Politique des t\u00e9moins de connexion"}]},{"@type":"WebSite","@id":"https:\/\/indigenoustourism.ca\/#website","url":"https:\/\/indigenoustourism.ca\/","name":"Association touristique autochtone du Canada","description":"Corporate","publisher":{"@id":"https:\/\/indigenoustourism.ca\/#organization"},"potentialAction":[{"@type":"SearchAction","target":{"@type":"EntryPoint","urlTemplate":"https:\/\/indigenoustourism.ca\/?s={search_term_string}"},"query-input":{"@type":"PropertyValueSpecification","valueRequired":true,"valueName":"search_term_string"}}],"inLanguage":"fr-FR"},{"@type":"Organization","@id":"https:\/\/indigenoustourism.ca\/#organization","name":"Association touristique autochtone du Canada","url":"https:\/\/indigenoustourism.ca\/","logo":{"@type":"ImageObject","inLanguage":"fr-FR","@id":"https:\/\/indigenoustourism.ca\/#\/schema\/logo\/image\/","url":"https:\/\/indigenoustourism.ca\/wp-content\/uploads\/2018\/02\/ITAC-logo-corporate-bilingual-standard@300x.png","contentUrl":"https:\/\/indigenoustourism.ca\/wp-content\/uploads\/2018\/02\/ITAC-logo-corporate-bilingual-standard@300x.png","width":2408,"height":701,"caption":"Association touristique autochtone du Canada"},"image":{"@id":"https:\/\/indigenoustourism.ca\/#\/schema\/logo\/image\/"},"sameAs":["https:\/\/x.com\/itac_corporate"]}]}},"_links":{"self":[{"href":"https:\/\/indigenoustourism.ca\/fr\/wp-json\/wp\/v2\/pages\/6120","targetHints":{"allow":["GET"]}}],"collection":[{"href":"https:\/\/indigenoustourism.ca\/fr\/wp-json\/wp\/v2\/pages"}],"about":[{"href":"https:\/\/indigenoustourism.ca\/fr\/wp-json\/wp\/v2\/types\/page"}],"author":[{"embeddable":true,"href":"https:\/\/indigenoustourism.ca\/fr\/wp-json\/wp\/v2\/users\/14"}],"replies":[{"embeddable":true,"href":"https:\/\/indigenoustourism.ca\/fr\/wp-json\/wp\/v2\/comments?post=6120"}],"version-history":[{"count":0,"href":"https:\/\/indigenoustourism.ca\/fr\/wp-json\/wp\/v2\/pages\/6120\/revisions"}],"wp:attachment":[{"href":"https:\/\/indigenoustourism.ca\/fr\/wp-json\/wp\/v2\/media?parent=6120"}],"curies":[{"name":"wp","href":"https:\/\/api.w.org\/{rel}","templated":true}]}}