{"id":20903,"date":"2021-03-30T13:50:51","date_gmt":"2021-03-30T20:50:51","guid":{"rendered":"https:\/\/itac.tucdev.io\/?page_id=20903"},"modified":"2024-01-12T12:29:50","modified_gmt":"2024-01-12T20:29:50","slug":"alberta","status":"publish","type":"page","link":"https:\/\/indigenoustourism.ca\/fr\/adhesion\/alberta\/","title":{"rendered":"Alberta"},"content":{"rendered":"<p>Les Premi\u00e8res nations, les M\u00e9tis et les Inuits de l&rsquo;Alberta sont conscients de l&rsquo;\u00e9quilibre fragile qui charact\u00e9rize la pr\u00e9servation de la culture traditionnelle dans un monde moderne. Ils le maintiennent par l&rsquo;entremise d&rsquo;un riche patrimoine autochtone. \u00c0 partir des prairies dans le sud, des badlands, des contreforts et des montagnes ainsi que de la for\u00eat bor\u00e9ale nordique, les peuples autochtones de l&rsquo;Alberta vous invitent \u00e0 partager leur culture par l&rsquo;entremise de nombreuses exp\u00e9riences touristiques.<\/p>\n","protected":false},"excerpt":{"rendered":"<p>Les Premi\u00e8res nations, les M\u00e9tis et les Inuits de l&rsquo;Alberta sont conscients de l&rsquo;\u00e9quilibre fragile qui charact\u00e9rize la pr\u00e9servation de la culture traditionnelle dans un monde moderne. Ils le maintiennent par l&rsquo;entremise d&rsquo;un riche patrimoine autochtone. \u00c0 partir des prairies dans le sud, des badlands, des contreforts et des montagnes ainsi que de la for\u00eat [&hellip;]<\/p>\n","protected":false},"author":14,"featured_media":0,"parent":20326,"menu_order":0,"comment_status":"closed","ping_status":"closed","template":"page-templates\/page-membership-region.php","meta":{"_acf_changed":false,"footnotes":""},"class_list":["post-20903","page","type-page","status-publish","hentry","region-alberta-fr"],"acf":[],"yoast_head":"<!-- This site is optimized with the Yoast SEO plugin v24.6 - https:\/\/yoast.com\/wordpress\/plugins\/seo\/ -->\n<title>Alberta - Association touristique autochtone du Canada<\/title>\n<meta name=\"description\" content=\"Les Premi\u00e8res nations, les M\u00e9tis et les Inuits de l&#039;Alberta sont conscients de l&#039;\u00e9quilibre fragile qui charact\u00e9rize la pr\u00e9servation de la culture\" \/>\n<meta name=\"robots\" content=\"index, follow, max-snippet:-1, max-image-preview:large, max-video-preview:-1\" \/>\n<link rel=\"canonical\" href=\"https:\/\/indigenoustourism.ca\/fr\/adhesion\/alberta\/\" \/>\n<meta property=\"og:locale\" content=\"fr_FR\" \/>\n<meta property=\"og:type\" content=\"article\" \/>\n<meta property=\"og:title\" content=\"Alberta - Association touristique autochtone du Canada\" \/>\n<meta property=\"og:description\" content=\"Les Premi\u00e8res nations, les M\u00e9tis et les Inuits de l&#039;Alberta sont conscients de l&#039;\u00e9quilibre fragile qui charact\u00e9rize la pr\u00e9servation de la culture\" \/>\n<meta property=\"og:url\" content=\"https:\/\/indigenoustourism.ca\/fr\/adhesion\/alberta\/\" \/>\n<meta property=\"og:site_name\" content=\"Association touristique autochtone du Canada\" \/>\n<meta property=\"article:modified_time\" content=\"2024-01-12T20:29:50+00:00\" \/>\n<meta property=\"og:image\" content=\"https:\/\/indigenoustourism.ca\/wp-content\/uploads\/2020\/03\/ITAC-Fallback-Image.jpg\" \/>\n\t<meta property=\"og:image:width\" content=\"1920\" \/>\n\t<meta property=\"og:image:height\" content=\"1080\" \/>\n\t<meta property=\"og:image:type\" content=\"image\/jpeg\" \/>\n<meta name=\"twitter:card\" content=\"summary_large_image\" \/>\n<meta name=\"twitter:site\" content=\"@itac_corporate\" \/>\n<meta name=\"twitter:label1\" content=\"Dur\u00e9e de lecture estim\u00e9e\" \/>\n\t<meta name=\"twitter:data1\" content=\"1 minute\" \/>\n<script type=\"application\/ld+json\" class=\"yoast-schema-graph\">{\"@context\":\"https:\/\/schema.org\",\"@graph\":[{\"@type\":\"WebPage\",\"@id\":\"https:\/\/indigenoustourism.ca\/fr\/adhesion\/alberta\/\",\"url\":\"https:\/\/indigenoustourism.ca\/fr\/adhesion\/alberta\/\",\"name\":\"Alberta - Association touristique autochtone du Canada\",\"isPartOf\":{\"@id\":\"https:\/\/indigenoustourism.ca\/#website\"},\"datePublished\":\"2021-03-30T20:50:51+00:00\",\"dateModified\":\"2024-01-12T20:29:50+00:00\",\"description\":\"Les Premi\u00e8res nations, les M\u00e9tis et les Inuits de l'Alberta sont conscients de l'\u00e9quilibre fragile qui charact\u00e9rize la pr\u00e9servation de la culture\",\"breadcrumb\":{\"@id\":\"https:\/\/indigenoustourism.ca\/fr\/adhesion\/alberta\/#breadcrumb\"},\"inLanguage\":\"fr-FR\",\"potentialAction\":[{\"@type\":\"ReadAction\",\"target\":[\"https:\/\/indigenoustourism.ca\/fr\/adhesion\/alberta\/\"]}]},{\"@type\":\"BreadcrumbList\",\"@id\":\"https:\/\/indigenoustourism.ca\/fr\/adhesion\/alberta\/#breadcrumb\",\"itemListElement\":[{\"@type\":\"ListItem\",\"position\":1,\"name\":\"Home\",\"item\":\"https:\/\/indigenoustourism.ca\/fr\/home\/\"},{\"@type\":\"ListItem\",\"position\":2,\"name\":\"Adh\u00e9sion\",\"item\":\"https:\/\/indigenoustourism.ca\/fr\/adhesion\/\"},{\"@type\":\"ListItem\",\"position\":3,\"name\":\"Alberta\"}]},{\"@type\":\"WebSite\",\"@id\":\"https:\/\/indigenoustourism.ca\/#website\",\"url\":\"https:\/\/indigenoustourism.ca\/\",\"name\":\"Association touristique autochtone du Canada\",\"description\":\"Corporate\",\"publisher\":{\"@id\":\"https:\/\/indigenoustourism.ca\/#organization\"},\"potentialAction\":[{\"@type\":\"SearchAction\",\"target\":{\"@type\":\"EntryPoint\",\"urlTemplate\":\"https:\/\/indigenoustourism.ca\/?s={search_term_string}\"},\"query-input\":{\"@type\":\"PropertyValueSpecification\",\"valueRequired\":true,\"valueName\":\"search_term_string\"}}],\"inLanguage\":\"fr-FR\"},{\"@type\":\"Organization\",\"@id\":\"https:\/\/indigenoustourism.ca\/#organization\",\"name\":\"Association touristique autochtone du Canada\",\"url\":\"https:\/\/indigenoustourism.ca\/\",\"logo\":{\"@type\":\"ImageObject\",\"inLanguage\":\"fr-FR\",\"@id\":\"https:\/\/indigenoustourism.ca\/#\/schema\/logo\/image\/\",\"url\":\"https:\/\/indigenoustourism.ca\/wp-content\/uploads\/2018\/02\/ITAC-logo-corporate-bilingual-standard@300x.png\",\"contentUrl\":\"https:\/\/indigenoustourism.ca\/wp-content\/uploads\/2018\/02\/ITAC-logo-corporate-bilingual-standard@300x.png\",\"width\":2408,\"height\":701,\"caption\":\"Association touristique autochtone du Canada\"},\"image\":{\"@id\":\"https:\/\/indigenoustourism.ca\/#\/schema\/logo\/image\/\"},\"sameAs\":[\"https:\/\/x.com\/itac_corporate\"]}]}<\/script>\n<!-- \/ Yoast SEO plugin. -->","yoast_head_json":{"title":"Alberta - Association touristique autochtone du Canada","description":"Les Premi\u00e8res nations, les M\u00e9tis et les Inuits de l'Alberta sont conscients de l'\u00e9quilibre fragile qui charact\u00e9rize la pr\u00e9servation de la culture","robots":{"index":"index","follow":"follow","max-snippet":"max-snippet:-1","max-image-preview":"max-image-preview:large","max-video-preview":"max-video-preview:-1"},"canonical":"https:\/\/indigenoustourism.ca\/fr\/adhesion\/alberta\/","og_locale":"fr_FR","og_type":"article","og_title":"Alberta - Association touristique autochtone du Canada","og_description":"Les Premi\u00e8res nations, les M\u00e9tis et les Inuits de l'Alberta sont conscients de l'\u00e9quilibre fragile qui charact\u00e9rize la pr\u00e9servation de la culture","og_url":"https:\/\/indigenoustourism.ca\/fr\/adhesion\/alberta\/","og_site_name":"Association touristique autochtone du Canada","article_modified_time":"2024-01-12T20:29:50+00:00","og_image":[{"width":1920,"height":1080,"url":"https:\/\/indigenoustourism.ca\/wp-content\/uploads\/2020\/03\/ITAC-Fallback-Image.jpg","type":"image\/jpeg"}],"twitter_card":"summary_large_image","twitter_site":"@itac_corporate","twitter_misc":{"Dur\u00e9e de lecture estim\u00e9e":"1 minute"},"schema":{"@context":"https:\/\/schema.org","@graph":[{"@type":"WebPage","@id":"https:\/\/indigenoustourism.ca\/fr\/adhesion\/alberta\/","url":"https:\/\/indigenoustourism.ca\/fr\/adhesion\/alberta\/","name":"Alberta - Association touristique autochtone du Canada","isPartOf":{"@id":"https:\/\/indigenoustourism.ca\/#website"},"datePublished":"2021-03-30T20:50:51+00:00","dateModified":"2024-01-12T20:29:50+00:00","description":"Les Premi\u00e8res nations, les M\u00e9tis et les Inuits de l'Alberta sont conscients de l'\u00e9quilibre fragile qui charact\u00e9rize la pr\u00e9servation de la culture","breadcrumb":{"@id":"https:\/\/indigenoustourism.ca\/fr\/adhesion\/alberta\/#breadcrumb"},"inLanguage":"fr-FR","potentialAction":[{"@type":"ReadAction","target":["https:\/\/indigenoustourism.ca\/fr\/adhesion\/alberta\/"]}]},{"@type":"BreadcrumbList","@id":"https:\/\/indigenoustourism.ca\/fr\/adhesion\/alberta\/#breadcrumb","itemListElement":[{"@type":"ListItem","position":1,"name":"Home","item":"https:\/\/indigenoustourism.ca\/fr\/home\/"},{"@type":"ListItem","position":2,"name":"Adh\u00e9sion","item":"https:\/\/indigenoustourism.ca\/fr\/adhesion\/"},{"@type":"ListItem","position":3,"name":"Alberta"}]},{"@type":"WebSite","@id":"https:\/\/indigenoustourism.ca\/#website","url":"https:\/\/indigenoustourism.ca\/","name":"Association touristique autochtone du Canada","description":"Corporate","publisher":{"@id":"https:\/\/indigenoustourism.ca\/#organization"},"potentialAction":[{"@type":"SearchAction","target":{"@type":"EntryPoint","urlTemplate":"https:\/\/indigenoustourism.ca\/?s={search_term_string}"},"query-input":{"@type":"PropertyValueSpecification","valueRequired":true,"valueName":"search_term_string"}}],"inLanguage":"fr-FR"},{"@type":"Organization","@id":"https:\/\/indigenoustourism.ca\/#organization","name":"Association touristique autochtone du Canada","url":"https:\/\/indigenoustourism.ca\/","logo":{"@type":"ImageObject","inLanguage":"fr-FR","@id":"https:\/\/indigenoustourism.ca\/#\/schema\/logo\/image\/","url":"https:\/\/indigenoustourism.ca\/wp-content\/uploads\/2018\/02\/ITAC-logo-corporate-bilingual-standard@300x.png","contentUrl":"https:\/\/indigenoustourism.ca\/wp-content\/uploads\/2018\/02\/ITAC-logo-corporate-bilingual-standard@300x.png","width":2408,"height":701,"caption":"Association touristique autochtone du Canada"},"image":{"@id":"https:\/\/indigenoustourism.ca\/#\/schema\/logo\/image\/"},"sameAs":["https:\/\/x.com\/itac_corporate"]}]}},"_links":{"self":[{"href":"https:\/\/indigenoustourism.ca\/fr\/wp-json\/wp\/v2\/pages\/20903","targetHints":{"allow":["GET"]}}],"collection":[{"href":"https:\/\/indigenoustourism.ca\/fr\/wp-json\/wp\/v2\/pages"}],"about":[{"href":"https:\/\/indigenoustourism.ca\/fr\/wp-json\/wp\/v2\/types\/page"}],"author":[{"embeddable":true,"href":"https:\/\/indigenoustourism.ca\/fr\/wp-json\/wp\/v2\/users\/14"}],"replies":[{"embeddable":true,"href":"https:\/\/indigenoustourism.ca\/fr\/wp-json\/wp\/v2\/comments?post=20903"}],"version-history":[{"count":0,"href":"https:\/\/indigenoustourism.ca\/fr\/wp-json\/wp\/v2\/pages\/20903\/revisions"}],"up":[{"embeddable":true,"href":"https:\/\/indigenoustourism.ca\/fr\/wp-json\/wp\/v2\/pages\/20326"}],"wp:attachment":[{"href":"https:\/\/indigenoustourism.ca\/fr\/wp-json\/wp\/v2\/media?parent=20903"}],"curies":[{"name":"wp","href":"https:\/\/api.w.org\/{rel}","templated":true}]}}