{"id":20684,"date":"2021-03-28T18:27:59","date_gmt":"2021-03-29T01:27:59","guid":{"rendered":"https:\/\/itac.tucdev.io\/?page_id=20684"},"modified":"2024-03-15T15:48:37","modified_gmt":"2024-03-15T22:48:37","slug":"medias-touristiques","status":"publish","type":"page","link":"https:\/\/indigenoustourism.ca\/fr\/medias-touristiques\/","title":{"rendered":"M\u00e9dias touristiques"},"content":{"rendered":"<p>Les peuples autochtones du Canada sont \u00e9tablis ici depuis des mill\u00e9naires et leur authenticit\u00e9, leur caract\u00e8re unique et la diversit\u00e9 des histoires et des exp\u00e9riences propos\u00e9es sont mises en valeur par une industrie touristique autochtone dynamique. L&rsquo;Association du tourisme autochtone du Canada (ATAC) est fi\u00e8re de travailler avec les m\u00e9dias pour promouvoir les exp\u00e9riences touristiques autochtones d&rsquo;un oc\u00e9an \u00e0 l&rsquo;autre.<\/p>\n<p>Qu&rsquo;il soit question de sujets d&rsquo;articles, de narrateurs, de porte-parole, de renseignements g\u00e9n\u00e9raux, de recherches sur l&rsquo;industrie, d&rsquo;images, de vid\u00e9os ou d&rsquo;autres ressources, l&rsquo;ATAC a les ressources n\u00e9cessaires pour soutenir la cr\u00e9ation de r\u00e9cits captivants.<\/p>\n","protected":false},"excerpt":{"rendered":"<p>Les peuples autochtones du Canada sont \u00e9tablis ici depuis des mill\u00e9naires et leur authenticit\u00e9, leur caract\u00e8re unique et la diversit\u00e9 des histoires et des exp\u00e9riences propos\u00e9es sont mises en valeur par une industrie touristique autochtone dynamique. L&rsquo;Association du tourisme autochtone du Canada (ATAC) est fi\u00e8re de travailler avec les m\u00e9dias pour promouvoir les exp\u00e9riences touristiques [&hellip;]<\/p>\n","protected":false},"author":14,"featured_media":0,"parent":0,"menu_order":0,"comment_status":"closed","ping_status":"closed","template":"page-templates\/page-media.php","meta":{"_acf_changed":false,"footnotes":""},"class_list":["post-20684","page","type-page","status-publish","hentry"],"acf":[],"yoast_head":"<!-- This site is optimized with the Yoast SEO plugin v24.6 - https:\/\/yoast.com\/wordpress\/plugins\/seo\/ -->\n<title>M\u00e9dias touristiques - Association touristique autochtone du Canada<\/title>\n<meta name=\"description\" content=\"L\u2019ATAC est fi\u00e8re de travailler avec les m\u00e9dias pour promouvoir les exp\u00e9riences touristiques autochtones d&#039;un bout \u00e0 l&#039;autre du pays.\" \/>\n<meta name=\"robots\" content=\"index, follow, max-snippet:-1, max-image-preview:large, max-video-preview:-1\" \/>\n<link rel=\"canonical\" href=\"https:\/\/indigenoustourism.ca\/fr\/medias-touristiques\/\" \/>\n<meta property=\"og:locale\" content=\"fr_FR\" \/>\n<meta property=\"og:type\" content=\"article\" \/>\n<meta property=\"og:title\" content=\"M\u00e9dias touristiques - Association touristique autochtone du Canada\" \/>\n<meta property=\"og:description\" content=\"L\u2019ATAC est fi\u00e8re de travailler avec les m\u00e9dias pour promouvoir les exp\u00e9riences touristiques autochtones d&#039;un bout \u00e0 l&#039;autre du pays.\" \/>\n<meta property=\"og:url\" content=\"https:\/\/indigenoustourism.ca\/fr\/medias-touristiques\/\" \/>\n<meta property=\"og:site_name\" content=\"Association touristique autochtone du Canada\" \/>\n<meta property=\"article:modified_time\" content=\"2024-03-15T22:48:37+00:00\" \/>\n<meta property=\"og:image\" content=\"https:\/\/indigenoustourism.ca\/wp-content\/uploads\/2020\/03\/ITAC-Fallback-Image.jpg\" \/>\n\t<meta property=\"og:image:width\" content=\"1920\" \/>\n\t<meta property=\"og:image:height\" content=\"1080\" \/>\n\t<meta property=\"og:image:type\" content=\"image\/jpeg\" \/>\n<meta name=\"twitter:card\" content=\"summary_large_image\" \/>\n<meta name=\"twitter:site\" content=\"@itac_corporate\" \/>\n<meta name=\"twitter:label1\" content=\"Dur\u00e9e de lecture estim\u00e9e\" \/>\n\t<meta name=\"twitter:data1\" content=\"1 minute\" \/>\n<script type=\"application\/ld+json\" class=\"yoast-schema-graph\">{\"@context\":\"https:\/\/schema.org\",\"@graph\":[{\"@type\":\"WebPage\",\"@id\":\"https:\/\/indigenoustourism.ca\/fr\/medias-touristiques\/\",\"url\":\"https:\/\/indigenoustourism.ca\/fr\/medias-touristiques\/\",\"name\":\"M\u00e9dias touristiques - Association touristique autochtone du Canada\",\"isPartOf\":{\"@id\":\"https:\/\/indigenoustourism.ca\/#website\"},\"datePublished\":\"2021-03-29T01:27:59+00:00\",\"dateModified\":\"2024-03-15T22:48:37+00:00\",\"description\":\"L\u2019ATAC est fi\u00e8re de travailler avec les m\u00e9dias pour promouvoir les exp\u00e9riences touristiques autochtones d'un bout \u00e0 l'autre du pays.\",\"breadcrumb\":{\"@id\":\"https:\/\/indigenoustourism.ca\/fr\/medias-touristiques\/#breadcrumb\"},\"inLanguage\":\"fr-FR\",\"potentialAction\":[{\"@type\":\"ReadAction\",\"target\":[\"https:\/\/indigenoustourism.ca\/fr\/medias-touristiques\/\"]}]},{\"@type\":\"BreadcrumbList\",\"@id\":\"https:\/\/indigenoustourism.ca\/fr\/medias-touristiques\/#breadcrumb\",\"itemListElement\":[{\"@type\":\"ListItem\",\"position\":1,\"name\":\"Home\",\"item\":\"https:\/\/indigenoustourism.ca\/fr\/home\/\"},{\"@type\":\"ListItem\",\"position\":2,\"name\":\"M\u00e9dias touristiques\"}]},{\"@type\":\"WebSite\",\"@id\":\"https:\/\/indigenoustourism.ca\/#website\",\"url\":\"https:\/\/indigenoustourism.ca\/\",\"name\":\"Association touristique autochtone du Canada\",\"description\":\"Corporate\",\"publisher\":{\"@id\":\"https:\/\/indigenoustourism.ca\/#organization\"},\"potentialAction\":[{\"@type\":\"SearchAction\",\"target\":{\"@type\":\"EntryPoint\",\"urlTemplate\":\"https:\/\/indigenoustourism.ca\/?s={search_term_string}\"},\"query-input\":{\"@type\":\"PropertyValueSpecification\",\"valueRequired\":true,\"valueName\":\"search_term_string\"}}],\"inLanguage\":\"fr-FR\"},{\"@type\":\"Organization\",\"@id\":\"https:\/\/indigenoustourism.ca\/#organization\",\"name\":\"Association touristique autochtone du Canada\",\"url\":\"https:\/\/indigenoustourism.ca\/\",\"logo\":{\"@type\":\"ImageObject\",\"inLanguage\":\"fr-FR\",\"@id\":\"https:\/\/indigenoustourism.ca\/#\/schema\/logo\/image\/\",\"url\":\"https:\/\/indigenoustourism.ca\/wp-content\/uploads\/2018\/02\/ITAC-logo-corporate-bilingual-standard@300x.png\",\"contentUrl\":\"https:\/\/indigenoustourism.ca\/wp-content\/uploads\/2018\/02\/ITAC-logo-corporate-bilingual-standard@300x.png\",\"width\":2408,\"height\":701,\"caption\":\"Association touristique autochtone du Canada\"},\"image\":{\"@id\":\"https:\/\/indigenoustourism.ca\/#\/schema\/logo\/image\/\"},\"sameAs\":[\"https:\/\/x.com\/itac_corporate\"]}]}<\/script>\n<!-- \/ Yoast SEO plugin. -->","yoast_head_json":{"title":"M\u00e9dias touristiques - Association touristique autochtone du Canada","description":"L\u2019ATAC est fi\u00e8re de travailler avec les m\u00e9dias pour promouvoir les exp\u00e9riences touristiques autochtones d'un bout \u00e0 l'autre du pays.","robots":{"index":"index","follow":"follow","max-snippet":"max-snippet:-1","max-image-preview":"max-image-preview:large","max-video-preview":"max-video-preview:-1"},"canonical":"https:\/\/indigenoustourism.ca\/fr\/medias-touristiques\/","og_locale":"fr_FR","og_type":"article","og_title":"M\u00e9dias touristiques - Association touristique autochtone du Canada","og_description":"L\u2019ATAC est fi\u00e8re de travailler avec les m\u00e9dias pour promouvoir les exp\u00e9riences touristiques autochtones d'un bout \u00e0 l'autre du pays.","og_url":"https:\/\/indigenoustourism.ca\/fr\/medias-touristiques\/","og_site_name":"Association touristique autochtone du Canada","article_modified_time":"2024-03-15T22:48:37+00:00","og_image":[{"width":1920,"height":1080,"url":"https:\/\/indigenoustourism.ca\/wp-content\/uploads\/2020\/03\/ITAC-Fallback-Image.jpg","type":"image\/jpeg"}],"twitter_card":"summary_large_image","twitter_site":"@itac_corporate","twitter_misc":{"Dur\u00e9e de lecture estim\u00e9e":"1 minute"},"schema":{"@context":"https:\/\/schema.org","@graph":[{"@type":"WebPage","@id":"https:\/\/indigenoustourism.ca\/fr\/medias-touristiques\/","url":"https:\/\/indigenoustourism.ca\/fr\/medias-touristiques\/","name":"M\u00e9dias touristiques - Association touristique autochtone du Canada","isPartOf":{"@id":"https:\/\/indigenoustourism.ca\/#website"},"datePublished":"2021-03-29T01:27:59+00:00","dateModified":"2024-03-15T22:48:37+00:00","description":"L\u2019ATAC est fi\u00e8re de travailler avec les m\u00e9dias pour promouvoir les exp\u00e9riences touristiques autochtones d'un bout \u00e0 l'autre du pays.","breadcrumb":{"@id":"https:\/\/indigenoustourism.ca\/fr\/medias-touristiques\/#breadcrumb"},"inLanguage":"fr-FR","potentialAction":[{"@type":"ReadAction","target":["https:\/\/indigenoustourism.ca\/fr\/medias-touristiques\/"]}]},{"@type":"BreadcrumbList","@id":"https:\/\/indigenoustourism.ca\/fr\/medias-touristiques\/#breadcrumb","itemListElement":[{"@type":"ListItem","position":1,"name":"Home","item":"https:\/\/indigenoustourism.ca\/fr\/home\/"},{"@type":"ListItem","position":2,"name":"M\u00e9dias touristiques"}]},{"@type":"WebSite","@id":"https:\/\/indigenoustourism.ca\/#website","url":"https:\/\/indigenoustourism.ca\/","name":"Association touristique autochtone du Canada","description":"Corporate","publisher":{"@id":"https:\/\/indigenoustourism.ca\/#organization"},"potentialAction":[{"@type":"SearchAction","target":{"@type":"EntryPoint","urlTemplate":"https:\/\/indigenoustourism.ca\/?s={search_term_string}"},"query-input":{"@type":"PropertyValueSpecification","valueRequired":true,"valueName":"search_term_string"}}],"inLanguage":"fr-FR"},{"@type":"Organization","@id":"https:\/\/indigenoustourism.ca\/#organization","name":"Association touristique autochtone du Canada","url":"https:\/\/indigenoustourism.ca\/","logo":{"@type":"ImageObject","inLanguage":"fr-FR","@id":"https:\/\/indigenoustourism.ca\/#\/schema\/logo\/image\/","url":"https:\/\/indigenoustourism.ca\/wp-content\/uploads\/2018\/02\/ITAC-logo-corporate-bilingual-standard@300x.png","contentUrl":"https:\/\/indigenoustourism.ca\/wp-content\/uploads\/2018\/02\/ITAC-logo-corporate-bilingual-standard@300x.png","width":2408,"height":701,"caption":"Association touristique autochtone du Canada"},"image":{"@id":"https:\/\/indigenoustourism.ca\/#\/schema\/logo\/image\/"},"sameAs":["https:\/\/x.com\/itac_corporate"]}]}},"_links":{"self":[{"href":"https:\/\/indigenoustourism.ca\/fr\/wp-json\/wp\/v2\/pages\/20684","targetHints":{"allow":["GET"]}}],"collection":[{"href":"https:\/\/indigenoustourism.ca\/fr\/wp-json\/wp\/v2\/pages"}],"about":[{"href":"https:\/\/indigenoustourism.ca\/fr\/wp-json\/wp\/v2\/types\/page"}],"author":[{"embeddable":true,"href":"https:\/\/indigenoustourism.ca\/fr\/wp-json\/wp\/v2\/users\/14"}],"replies":[{"embeddable":true,"href":"https:\/\/indigenoustourism.ca\/fr\/wp-json\/wp\/v2\/comments?post=20684"}],"version-history":[{"count":0,"href":"https:\/\/indigenoustourism.ca\/fr\/wp-json\/wp\/v2\/pages\/20684\/revisions"}],"wp:attachment":[{"href":"https:\/\/indigenoustourism.ca\/fr\/wp-json\/wp\/v2\/media?parent=20684"}],"curies":[{"name":"wp","href":"https:\/\/api.w.org\/{rel}","templated":true}]}}