{"id":20660,"date":"2021-03-28T18:13:14","date_gmt":"2021-03-29T01:13:14","guid":{"rendered":"https:\/\/itac.tucdev.io\/?page_id=20660"},"modified":"2023-10-25T11:22:54","modified_gmt":"2023-10-25T18:22:54","slug":"conseil-dadministration-de-latac","status":"publish","type":"page","link":"https:\/\/indigenoustourism.ca\/fr\/a-propos-de-latac\/conseil-dadministration-de-latac\/","title":{"rendered":"Conseil d\u2019administration de l\u2019ATAC"},"content":{"rendered":"<p>Le conseil d\u2019administration de l\u2019ATAC est compos\u00e9 de repr\u00e9sentants d\u2019organisations d\u00e9tenues et contr\u00f4l\u00e9es par des autochtones dans chaque province et territoire. Les administrateurs sont nomm\u00e9s et \u00e9lus par les membres de chaque province et territoire, conform\u00e9ment aux <a href=\"https:\/\/indigenoustourism.ca\/wp-content\/uploads\/2023\/10\/ITAC-By-laws-FR-2022.pdf\">r\u00e8glements administratifs de l\u2019ATAC<\/a>.<\/p>\n","protected":false},"excerpt":{"rendered":"<p>Le conseil d\u2019administration de l\u2019ATAC est compos\u00e9 de repr\u00e9sentants d\u2019organisations d\u00e9tenues et contr\u00f4l\u00e9es par des autochtones dans chaque province et territoire. Les administrateurs sont nomm\u00e9s et \u00e9lus par les membres de chaque province et territoire, conform\u00e9ment aux r\u00e8glements administratifs de l\u2019ATAC.<\/p>\n","protected":false},"author":14,"featured_media":0,"parent":20292,"menu_order":0,"comment_status":"closed","ping_status":"closed","template":"page-templates\/page-board.php","meta":{"_acf_changed":false,"footnotes":""},"class_list":["post-20660","page","type-page","status-publish","hentry"],"acf":[],"yoast_head":"<!-- This site is optimized with the Yoast SEO plugin v24.6 - https:\/\/yoast.com\/wordpress\/plugins\/seo\/ -->\n<title>Conseil d\u2019administration de l\u2019ATAC - Association touristique autochtone du Canada<\/title>\n<meta name=\"description\" content=\"Les administrateurs de l\u2019ATAC repr\u00e9sentent des organisations d\u00e9tenues et dirig\u00e9es par des Autochtones et incarnent la voix des membres de chaque province et territoire.\" \/>\n<meta name=\"robots\" content=\"index, follow, max-snippet:-1, max-image-preview:large, max-video-preview:-1\" \/>\n<link rel=\"canonical\" href=\"https:\/\/indigenoustourism.ca\/fr\/a-propos-de-latac\/conseil-dadministration-de-latac\/\" \/>\n<meta property=\"og:locale\" content=\"fr_FR\" \/>\n<meta property=\"og:type\" content=\"article\" \/>\n<meta property=\"og:title\" content=\"Conseil d\u2019administration de l\u2019ATAC - Association touristique autochtone du Canada\" \/>\n<meta property=\"og:description\" content=\"Les administrateurs de l\u2019ATAC repr\u00e9sentent des organisations d\u00e9tenues et dirig\u00e9es par des Autochtones et incarnent la voix des membres de chaque province et territoire.\" \/>\n<meta property=\"og:url\" content=\"https:\/\/indigenoustourism.ca\/fr\/a-propos-de-latac\/conseil-dadministration-de-latac\/\" \/>\n<meta property=\"og:site_name\" content=\"Association touristique autochtone du Canada\" \/>\n<meta property=\"article:modified_time\" content=\"2023-10-25T18:22:54+00:00\" \/>\n<meta property=\"og:image\" content=\"https:\/\/indigenoustourism.ca\/wp-content\/uploads\/2020\/03\/ITAC-Fallback-Image.jpg\" \/>\n\t<meta property=\"og:image:width\" content=\"1920\" \/>\n\t<meta property=\"og:image:height\" content=\"1080\" \/>\n\t<meta property=\"og:image:type\" content=\"image\/jpeg\" \/>\n<meta name=\"twitter:card\" content=\"summary_large_image\" \/>\n<meta name=\"twitter:site\" content=\"@itac_corporate\" \/>\n<meta name=\"twitter:label1\" content=\"Dur\u00e9e de lecture estim\u00e9e\" \/>\n\t<meta name=\"twitter:data1\" content=\"1 minute\" \/>\n<script type=\"application\/ld+json\" class=\"yoast-schema-graph\">{\"@context\":\"https:\/\/schema.org\",\"@graph\":[{\"@type\":\"WebPage\",\"@id\":\"https:\/\/indigenoustourism.ca\/fr\/a-propos-de-latac\/conseil-dadministration-de-latac\/\",\"url\":\"https:\/\/indigenoustourism.ca\/fr\/a-propos-de-latac\/conseil-dadministration-de-latac\/\",\"name\":\"Conseil d\u2019administration de l\u2019ATAC - Association touristique autochtone du Canada\",\"isPartOf\":{\"@id\":\"https:\/\/indigenoustourism.ca\/#website\"},\"datePublished\":\"2021-03-29T01:13:14+00:00\",\"dateModified\":\"2023-10-25T18:22:54+00:00\",\"description\":\"Les administrateurs de l\u2019ATAC repr\u00e9sentent des organisations d\u00e9tenues et dirig\u00e9es par des Autochtones et incarnent la voix des membres de chaque province et territoire.\",\"breadcrumb\":{\"@id\":\"https:\/\/indigenoustourism.ca\/fr\/a-propos-de-latac\/conseil-dadministration-de-latac\/#breadcrumb\"},\"inLanguage\":\"fr-FR\",\"potentialAction\":[{\"@type\":\"ReadAction\",\"target\":[\"https:\/\/indigenoustourism.ca\/fr\/a-propos-de-latac\/conseil-dadministration-de-latac\/\"]}]},{\"@type\":\"BreadcrumbList\",\"@id\":\"https:\/\/indigenoustourism.ca\/fr\/a-propos-de-latac\/conseil-dadministration-de-latac\/#breadcrumb\",\"itemListElement\":[{\"@type\":\"ListItem\",\"position\":1,\"name\":\"Home\",\"item\":\"https:\/\/indigenoustourism.ca\/fr\/home\/\"},{\"@type\":\"ListItem\",\"position\":2,\"name\":\"\u00c0 propos de l\u2019ATAC\",\"item\":\"https:\/\/indigenoustourism.ca\/fr\/a-propos-de-latac\/\"},{\"@type\":\"ListItem\",\"position\":3,\"name\":\"Conseil d\u2019administration de l\u2019ATAC\"}]},{\"@type\":\"WebSite\",\"@id\":\"https:\/\/indigenoustourism.ca\/#website\",\"url\":\"https:\/\/indigenoustourism.ca\/\",\"name\":\"Association touristique autochtone du Canada\",\"description\":\"Corporate\",\"publisher\":{\"@id\":\"https:\/\/indigenoustourism.ca\/#organization\"},\"potentialAction\":[{\"@type\":\"SearchAction\",\"target\":{\"@type\":\"EntryPoint\",\"urlTemplate\":\"https:\/\/indigenoustourism.ca\/?s={search_term_string}\"},\"query-input\":{\"@type\":\"PropertyValueSpecification\",\"valueRequired\":true,\"valueName\":\"search_term_string\"}}],\"inLanguage\":\"fr-FR\"},{\"@type\":\"Organization\",\"@id\":\"https:\/\/indigenoustourism.ca\/#organization\",\"name\":\"Association touristique autochtone du Canada\",\"url\":\"https:\/\/indigenoustourism.ca\/\",\"logo\":{\"@type\":\"ImageObject\",\"inLanguage\":\"fr-FR\",\"@id\":\"https:\/\/indigenoustourism.ca\/#\/schema\/logo\/image\/\",\"url\":\"https:\/\/indigenoustourism.ca\/wp-content\/uploads\/2018\/02\/ITAC-logo-corporate-bilingual-standard@300x.png\",\"contentUrl\":\"https:\/\/indigenoustourism.ca\/wp-content\/uploads\/2018\/02\/ITAC-logo-corporate-bilingual-standard@300x.png\",\"width\":2408,\"height\":701,\"caption\":\"Association touristique autochtone du Canada\"},\"image\":{\"@id\":\"https:\/\/indigenoustourism.ca\/#\/schema\/logo\/image\/\"},\"sameAs\":[\"https:\/\/x.com\/itac_corporate\"]}]}<\/script>\n<!-- \/ Yoast SEO plugin. -->","yoast_head_json":{"title":"Conseil d\u2019administration de l\u2019ATAC - Association touristique autochtone du Canada","description":"Les administrateurs de l\u2019ATAC repr\u00e9sentent des organisations d\u00e9tenues et dirig\u00e9es par des Autochtones et incarnent la voix des membres de chaque province et territoire.","robots":{"index":"index","follow":"follow","max-snippet":"max-snippet:-1","max-image-preview":"max-image-preview:large","max-video-preview":"max-video-preview:-1"},"canonical":"https:\/\/indigenoustourism.ca\/fr\/a-propos-de-latac\/conseil-dadministration-de-latac\/","og_locale":"fr_FR","og_type":"article","og_title":"Conseil d\u2019administration de l\u2019ATAC - Association touristique autochtone du Canada","og_description":"Les administrateurs de l\u2019ATAC repr\u00e9sentent des organisations d\u00e9tenues et dirig\u00e9es par des Autochtones et incarnent la voix des membres de chaque province et territoire.","og_url":"https:\/\/indigenoustourism.ca\/fr\/a-propos-de-latac\/conseil-dadministration-de-latac\/","og_site_name":"Association touristique autochtone du Canada","article_modified_time":"2023-10-25T18:22:54+00:00","og_image":[{"width":1920,"height":1080,"url":"https:\/\/indigenoustourism.ca\/wp-content\/uploads\/2020\/03\/ITAC-Fallback-Image.jpg","type":"image\/jpeg"}],"twitter_card":"summary_large_image","twitter_site":"@itac_corporate","twitter_misc":{"Dur\u00e9e de lecture estim\u00e9e":"1 minute"},"schema":{"@context":"https:\/\/schema.org","@graph":[{"@type":"WebPage","@id":"https:\/\/indigenoustourism.ca\/fr\/a-propos-de-latac\/conseil-dadministration-de-latac\/","url":"https:\/\/indigenoustourism.ca\/fr\/a-propos-de-latac\/conseil-dadministration-de-latac\/","name":"Conseil d\u2019administration de l\u2019ATAC - Association touristique autochtone du Canada","isPartOf":{"@id":"https:\/\/indigenoustourism.ca\/#website"},"datePublished":"2021-03-29T01:13:14+00:00","dateModified":"2023-10-25T18:22:54+00:00","description":"Les administrateurs de l\u2019ATAC repr\u00e9sentent des organisations d\u00e9tenues et dirig\u00e9es par des Autochtones et incarnent la voix des membres de chaque province et territoire.","breadcrumb":{"@id":"https:\/\/indigenoustourism.ca\/fr\/a-propos-de-latac\/conseil-dadministration-de-latac\/#breadcrumb"},"inLanguage":"fr-FR","potentialAction":[{"@type":"ReadAction","target":["https:\/\/indigenoustourism.ca\/fr\/a-propos-de-latac\/conseil-dadministration-de-latac\/"]}]},{"@type":"BreadcrumbList","@id":"https:\/\/indigenoustourism.ca\/fr\/a-propos-de-latac\/conseil-dadministration-de-latac\/#breadcrumb","itemListElement":[{"@type":"ListItem","position":1,"name":"Home","item":"https:\/\/indigenoustourism.ca\/fr\/home\/"},{"@type":"ListItem","position":2,"name":"\u00c0 propos de l\u2019ATAC","item":"https:\/\/indigenoustourism.ca\/fr\/a-propos-de-latac\/"},{"@type":"ListItem","position":3,"name":"Conseil d\u2019administration de l\u2019ATAC"}]},{"@type":"WebSite","@id":"https:\/\/indigenoustourism.ca\/#website","url":"https:\/\/indigenoustourism.ca\/","name":"Association touristique autochtone du Canada","description":"Corporate","publisher":{"@id":"https:\/\/indigenoustourism.ca\/#organization"},"potentialAction":[{"@type":"SearchAction","target":{"@type":"EntryPoint","urlTemplate":"https:\/\/indigenoustourism.ca\/?s={search_term_string}"},"query-input":{"@type":"PropertyValueSpecification","valueRequired":true,"valueName":"search_term_string"}}],"inLanguage":"fr-FR"},{"@type":"Organization","@id":"https:\/\/indigenoustourism.ca\/#organization","name":"Association touristique autochtone du Canada","url":"https:\/\/indigenoustourism.ca\/","logo":{"@type":"ImageObject","inLanguage":"fr-FR","@id":"https:\/\/indigenoustourism.ca\/#\/schema\/logo\/image\/","url":"https:\/\/indigenoustourism.ca\/wp-content\/uploads\/2018\/02\/ITAC-logo-corporate-bilingual-standard@300x.png","contentUrl":"https:\/\/indigenoustourism.ca\/wp-content\/uploads\/2018\/02\/ITAC-logo-corporate-bilingual-standard@300x.png","width":2408,"height":701,"caption":"Association touristique autochtone du Canada"},"image":{"@id":"https:\/\/indigenoustourism.ca\/#\/schema\/logo\/image\/"},"sameAs":["https:\/\/x.com\/itac_corporate"]}]}},"_links":{"self":[{"href":"https:\/\/indigenoustourism.ca\/fr\/wp-json\/wp\/v2\/pages\/20660","targetHints":{"allow":["GET"]}}],"collection":[{"href":"https:\/\/indigenoustourism.ca\/fr\/wp-json\/wp\/v2\/pages"}],"about":[{"href":"https:\/\/indigenoustourism.ca\/fr\/wp-json\/wp\/v2\/types\/page"}],"author":[{"embeddable":true,"href":"https:\/\/indigenoustourism.ca\/fr\/wp-json\/wp\/v2\/users\/14"}],"replies":[{"embeddable":true,"href":"https:\/\/indigenoustourism.ca\/fr\/wp-json\/wp\/v2\/comments?post=20660"}],"version-history":[{"count":0,"href":"https:\/\/indigenoustourism.ca\/fr\/wp-json\/wp\/v2\/pages\/20660\/revisions"}],"up":[{"embeddable":true,"href":"https:\/\/indigenoustourism.ca\/fr\/wp-json\/wp\/v2\/pages\/20292"}],"wp:attachment":[{"href":"https:\/\/indigenoustourism.ca\/fr\/wp-json\/wp\/v2\/media?parent=20660"}],"curies":[{"name":"wp","href":"https:\/\/api.w.org\/{rel}","templated":true}]}}