{"id":20326,"date":"2021-03-25T16:45:56","date_gmt":"2021-03-25T23:45:56","guid":{"rendered":"https:\/\/itac.tucdev.io\/?page_id=20326"},"modified":"2026-01-12T10:42:06","modified_gmt":"2026-01-12T18:42:06","slug":"adhesion","status":"publish","type":"page","link":"https:\/\/indigenoustourism.ca\/fr\/adhesion\/","title":{"rendered":"Adh\u00e9sion"},"content":{"rendered":"<p><span style=\"font-weight: 400;\">L&rsquo;adh\u00e9sion \u00e0 l&rsquo;ATAC offre de nombreux avantages et de nombreuses possibilit\u00e9s de d\u00e9velopper votre entreprise. Toute personne ou organisation qui s&rsquo;int\u00e9resse au d\u00e9veloppement du tourisme autochtone au Canada peut pr\u00e9senter une demande d&rsquo;adh\u00e9sion \u00e0 l&rsquo;ATAC.<\/span><\/p>\n","protected":false},"excerpt":{"rendered":"<p>L&rsquo;adh\u00e9sion \u00e0 l&rsquo;ATAC offre de nombreux avantages et de nombreuses possibilit\u00e9s de d\u00e9velopper votre entreprise. Toute personne ou organisation qui s&rsquo;int\u00e9resse au d\u00e9veloppement du tourisme autochtone au Canada peut pr\u00e9senter une demande d&rsquo;adh\u00e9sion \u00e0 l&rsquo;ATAC.<\/p>\n","protected":false},"author":14,"featured_media":0,"parent":0,"menu_order":0,"comment_status":"closed","ping_status":"closed","template":"page-templates\/page-membership.php","meta":{"_acf_changed":false,"footnotes":""},"class_list":["post-20326","page","type-page","status-publish","hentry"],"acf":[],"yoast_head":"<!-- This site is optimized with the Yoast SEO plugin v24.6 - https:\/\/yoast.com\/wordpress\/plugins\/seo\/ -->\n<title>Adh\u00e9sion - Association touristique autochtone du Canada<\/title>\n<meta name=\"description\" content=\"Toute personne ou organisation int\u00e9ress\u00e9e par le d\u00e9veloppement du tourisme autochtone au Canada peut demander \u00e0 devenir membre de l\u2019ATAC.\" \/>\n<meta name=\"robots\" content=\"index, follow, max-snippet:-1, max-image-preview:large, max-video-preview:-1\" \/>\n<link rel=\"canonical\" href=\"https:\/\/indigenoustourism.ca\/fr\/adhesion\/\" \/>\n<meta property=\"og:locale\" content=\"fr_FR\" \/>\n<meta property=\"og:type\" content=\"article\" \/>\n<meta property=\"og:title\" content=\"Adh\u00e9sion - Association touristique autochtone du Canada\" \/>\n<meta property=\"og:description\" content=\"Toute personne ou organisation int\u00e9ress\u00e9e par le d\u00e9veloppement du tourisme autochtone au Canada peut demander \u00e0 devenir membre de l\u2019ATAC.\" \/>\n<meta property=\"og:url\" content=\"https:\/\/indigenoustourism.ca\/fr\/adhesion\/\" \/>\n<meta property=\"og:site_name\" content=\"Association touristique autochtone du Canada\" \/>\n<meta property=\"article:modified_time\" content=\"2026-01-12T18:42:06+00:00\" \/>\n<meta property=\"og:image\" content=\"https:\/\/indigenoustourism.ca\/wp-content\/uploads\/2020\/03\/ITAC-Fallback-Image.jpg\" \/>\n\t<meta property=\"og:image:width\" content=\"1920\" \/>\n\t<meta property=\"og:image:height\" content=\"1080\" \/>\n\t<meta property=\"og:image:type\" content=\"image\/jpeg\" \/>\n<meta name=\"twitter:card\" content=\"summary_large_image\" \/>\n<meta name=\"twitter:site\" content=\"@itac_corporate\" \/>\n<meta name=\"twitter:label1\" content=\"Dur\u00e9e de lecture estim\u00e9e\" \/>\n\t<meta name=\"twitter:data1\" content=\"1 minute\" \/>\n<script type=\"application\/ld+json\" class=\"yoast-schema-graph\">{\"@context\":\"https:\/\/schema.org\",\"@graph\":[{\"@type\":\"WebPage\",\"@id\":\"https:\/\/indigenoustourism.ca\/fr\/adhesion\/\",\"url\":\"https:\/\/indigenoustourism.ca\/fr\/adhesion\/\",\"name\":\"Adh\u00e9sion - Association touristique autochtone du Canada\",\"isPartOf\":{\"@id\":\"https:\/\/indigenoustourism.ca\/#website\"},\"datePublished\":\"2021-03-25T23:45:56+00:00\",\"dateModified\":\"2026-01-12T18:42:06+00:00\",\"description\":\"Toute personne ou organisation int\u00e9ress\u00e9e par le d\u00e9veloppement du tourisme autochtone au Canada peut demander \u00e0 devenir membre de l\u2019ATAC.\",\"breadcrumb\":{\"@id\":\"https:\/\/indigenoustourism.ca\/fr\/adhesion\/#breadcrumb\"},\"inLanguage\":\"fr-FR\",\"potentialAction\":[{\"@type\":\"ReadAction\",\"target\":[\"https:\/\/indigenoustourism.ca\/fr\/adhesion\/\"]}]},{\"@type\":\"BreadcrumbList\",\"@id\":\"https:\/\/indigenoustourism.ca\/fr\/adhesion\/#breadcrumb\",\"itemListElement\":[{\"@type\":\"ListItem\",\"position\":1,\"name\":\"Home\",\"item\":\"https:\/\/indigenoustourism.ca\/fr\/home\/\"},{\"@type\":\"ListItem\",\"position\":2,\"name\":\"Adh\u00e9sion\"}]},{\"@type\":\"WebSite\",\"@id\":\"https:\/\/indigenoustourism.ca\/#website\",\"url\":\"https:\/\/indigenoustourism.ca\/\",\"name\":\"Association touristique autochtone du Canada\",\"description\":\"Corporate\",\"publisher\":{\"@id\":\"https:\/\/indigenoustourism.ca\/#organization\"},\"potentialAction\":[{\"@type\":\"SearchAction\",\"target\":{\"@type\":\"EntryPoint\",\"urlTemplate\":\"https:\/\/indigenoustourism.ca\/?s={search_term_string}\"},\"query-input\":{\"@type\":\"PropertyValueSpecification\",\"valueRequired\":true,\"valueName\":\"search_term_string\"}}],\"inLanguage\":\"fr-FR\"},{\"@type\":\"Organization\",\"@id\":\"https:\/\/indigenoustourism.ca\/#organization\",\"name\":\"Association touristique autochtone du Canada\",\"url\":\"https:\/\/indigenoustourism.ca\/\",\"logo\":{\"@type\":\"ImageObject\",\"inLanguage\":\"fr-FR\",\"@id\":\"https:\/\/indigenoustourism.ca\/#\/schema\/logo\/image\/\",\"url\":\"https:\/\/indigenoustourism.ca\/wp-content\/uploads\/2018\/02\/ITAC-logo-corporate-bilingual-standard@300x.png\",\"contentUrl\":\"https:\/\/indigenoustourism.ca\/wp-content\/uploads\/2018\/02\/ITAC-logo-corporate-bilingual-standard@300x.png\",\"width\":2408,\"height\":701,\"caption\":\"Association touristique autochtone du Canada\"},\"image\":{\"@id\":\"https:\/\/indigenoustourism.ca\/#\/schema\/logo\/image\/\"},\"sameAs\":[\"https:\/\/x.com\/itac_corporate\"]}]}<\/script>\n<!-- \/ Yoast SEO plugin. -->","yoast_head_json":{"title":"Adh\u00e9sion - Association touristique autochtone du Canada","description":"Toute personne ou organisation int\u00e9ress\u00e9e par le d\u00e9veloppement du tourisme autochtone au Canada peut demander \u00e0 devenir membre de l\u2019ATAC.","robots":{"index":"index","follow":"follow","max-snippet":"max-snippet:-1","max-image-preview":"max-image-preview:large","max-video-preview":"max-video-preview:-1"},"canonical":"https:\/\/indigenoustourism.ca\/fr\/adhesion\/","og_locale":"fr_FR","og_type":"article","og_title":"Adh\u00e9sion - Association touristique autochtone du Canada","og_description":"Toute personne ou organisation int\u00e9ress\u00e9e par le d\u00e9veloppement du tourisme autochtone au Canada peut demander \u00e0 devenir membre de l\u2019ATAC.","og_url":"https:\/\/indigenoustourism.ca\/fr\/adhesion\/","og_site_name":"Association touristique autochtone du Canada","article_modified_time":"2026-01-12T18:42:06+00:00","og_image":[{"width":1920,"height":1080,"url":"https:\/\/indigenoustourism.ca\/wp-content\/uploads\/2020\/03\/ITAC-Fallback-Image.jpg","type":"image\/jpeg"}],"twitter_card":"summary_large_image","twitter_site":"@itac_corporate","twitter_misc":{"Dur\u00e9e de lecture estim\u00e9e":"1 minute"},"schema":{"@context":"https:\/\/schema.org","@graph":[{"@type":"WebPage","@id":"https:\/\/indigenoustourism.ca\/fr\/adhesion\/","url":"https:\/\/indigenoustourism.ca\/fr\/adhesion\/","name":"Adh\u00e9sion - Association touristique autochtone du Canada","isPartOf":{"@id":"https:\/\/indigenoustourism.ca\/#website"},"datePublished":"2021-03-25T23:45:56+00:00","dateModified":"2026-01-12T18:42:06+00:00","description":"Toute personne ou organisation int\u00e9ress\u00e9e par le d\u00e9veloppement du tourisme autochtone au Canada peut demander \u00e0 devenir membre de l\u2019ATAC.","breadcrumb":{"@id":"https:\/\/indigenoustourism.ca\/fr\/adhesion\/#breadcrumb"},"inLanguage":"fr-FR","potentialAction":[{"@type":"ReadAction","target":["https:\/\/indigenoustourism.ca\/fr\/adhesion\/"]}]},{"@type":"BreadcrumbList","@id":"https:\/\/indigenoustourism.ca\/fr\/adhesion\/#breadcrumb","itemListElement":[{"@type":"ListItem","position":1,"name":"Home","item":"https:\/\/indigenoustourism.ca\/fr\/home\/"},{"@type":"ListItem","position":2,"name":"Adh\u00e9sion"}]},{"@type":"WebSite","@id":"https:\/\/indigenoustourism.ca\/#website","url":"https:\/\/indigenoustourism.ca\/","name":"Association touristique autochtone du Canada","description":"Corporate","publisher":{"@id":"https:\/\/indigenoustourism.ca\/#organization"},"potentialAction":[{"@type":"SearchAction","target":{"@type":"EntryPoint","urlTemplate":"https:\/\/indigenoustourism.ca\/?s={search_term_string}"},"query-input":{"@type":"PropertyValueSpecification","valueRequired":true,"valueName":"search_term_string"}}],"inLanguage":"fr-FR"},{"@type":"Organization","@id":"https:\/\/indigenoustourism.ca\/#organization","name":"Association touristique autochtone du Canada","url":"https:\/\/indigenoustourism.ca\/","logo":{"@type":"ImageObject","inLanguage":"fr-FR","@id":"https:\/\/indigenoustourism.ca\/#\/schema\/logo\/image\/","url":"https:\/\/indigenoustourism.ca\/wp-content\/uploads\/2018\/02\/ITAC-logo-corporate-bilingual-standard@300x.png","contentUrl":"https:\/\/indigenoustourism.ca\/wp-content\/uploads\/2018\/02\/ITAC-logo-corporate-bilingual-standard@300x.png","width":2408,"height":701,"caption":"Association touristique autochtone du Canada"},"image":{"@id":"https:\/\/indigenoustourism.ca\/#\/schema\/logo\/image\/"},"sameAs":["https:\/\/x.com\/itac_corporate"]}]}},"_links":{"self":[{"href":"https:\/\/indigenoustourism.ca\/fr\/wp-json\/wp\/v2\/pages\/20326","targetHints":{"allow":["GET"]}}],"collection":[{"href":"https:\/\/indigenoustourism.ca\/fr\/wp-json\/wp\/v2\/pages"}],"about":[{"href":"https:\/\/indigenoustourism.ca\/fr\/wp-json\/wp\/v2\/types\/page"}],"author":[{"embeddable":true,"href":"https:\/\/indigenoustourism.ca\/fr\/wp-json\/wp\/v2\/users\/14"}],"replies":[{"embeddable":true,"href":"https:\/\/indigenoustourism.ca\/fr\/wp-json\/wp\/v2\/comments?post=20326"}],"version-history":[{"count":0,"href":"https:\/\/indigenoustourism.ca\/fr\/wp-json\/wp\/v2\/pages\/20326\/revisions"}],"wp:attachment":[{"href":"https:\/\/indigenoustourism.ca\/fr\/wp-json\/wp\/v2\/media?parent=20326"}],"curies":[{"name":"wp","href":"https:\/\/api.w.org\/{rel}","templated":true}]}}