{"id":19916,"date":"2021-03-24T09:54:56","date_gmt":"2021-03-24T16:54:56","guid":{"rendered":"https:\/\/itac.tucdev.io\/?page_id=19916"},"modified":"2025-01-07T06:32:48","modified_gmt":"2025-01-07T14:32:48","slug":"nunavut","status":"publish","type":"page","link":"https:\/\/indigenoustourism.ca\/fr\/adhesion\/nunavut\/","title":{"rendered":"Nunavut"},"content":{"rendered":"<p>Colonis\u00e9 par les peuples autochtones il ya plus de quatre mille ans, Nunavut, \u00ab\u00a0notre terre\u00a0\u00bb en inuktitut, est le plus r\u00e9cent territoire d\u00e9fini au Canada. Ce grand paradis naturel est un endroit o\u00f9 les anciennes traditions, les paysages vierges et la faune incroyable existent ensemble comme nulle part ailleurs dans le monde.<\/p>\n","protected":false},"excerpt":{"rendered":"<p>Colonis\u00e9 par les peuples autochtones il ya plus de quatre mille ans, Nunavut, \u00ab\u00a0notre terre\u00a0\u00bb en inuktitut, est le plus r\u00e9cent territoire d\u00e9fini au Canada. Ce grand paradis naturel est un endroit o\u00f9 les anciennes traditions, les paysages vierges et la faune incroyable existent ensemble comme nulle part ailleurs dans le monde.<\/p>\n","protected":false},"author":14,"featured_media":0,"parent":20326,"menu_order":0,"comment_status":"closed","ping_status":"closed","template":"page-templates\/page-membership-region.php","meta":{"_acf_changed":false,"footnotes":""},"class_list":["post-19916","page","type-page","status-publish","hentry","region-nunavut-fr"],"acf":[],"yoast_head":"<!-- This site is optimized with the Yoast SEO plugin v24.6 - https:\/\/yoast.com\/wordpress\/plugins\/seo\/ -->\n<title>Nunavut - Association touristique autochtone du Canada<\/title>\n<meta name=\"description\" content=\"Les membres autochtones de Tourisme Nunavut peuvent d\u00e9sormais b\u00e9n\u00e9ficier d\u2019une adh\u00e9sion gratuite \u00e0 l\u2019ATAC et profiter de nombreux avantages comme des subventions.\" \/>\n<meta name=\"robots\" content=\"index, follow, max-snippet:-1, max-image-preview:large, max-video-preview:-1\" \/>\n<link rel=\"canonical\" href=\"https:\/\/indigenoustourism.ca\/fr\/adhesion\/nunavut\/\" \/>\n<meta property=\"og:locale\" content=\"fr_FR\" \/>\n<meta property=\"og:type\" content=\"article\" \/>\n<meta property=\"og:title\" content=\"Nunavut - Association touristique autochtone du Canada\" \/>\n<meta property=\"og:description\" content=\"Les membres autochtones de Tourisme Nunavut peuvent d\u00e9sormais b\u00e9n\u00e9ficier d\u2019une adh\u00e9sion gratuite \u00e0 l\u2019ATAC et profiter de nombreux avantages comme des subventions.\" \/>\n<meta property=\"og:url\" content=\"https:\/\/indigenoustourism.ca\/fr\/adhesion\/nunavut\/\" \/>\n<meta property=\"og:site_name\" content=\"Association touristique autochtone du Canada\" \/>\n<meta property=\"article:modified_time\" content=\"2025-01-07T14:32:48+00:00\" \/>\n<meta property=\"og:image\" content=\"https:\/\/indigenoustourism.ca\/wp-content\/uploads\/2020\/03\/ITAC-Fallback-Image.jpg\" \/>\n\t<meta property=\"og:image:width\" content=\"1920\" \/>\n\t<meta property=\"og:image:height\" content=\"1080\" \/>\n\t<meta property=\"og:image:type\" content=\"image\/jpeg\" \/>\n<meta name=\"twitter:card\" content=\"summary_large_image\" \/>\n<meta name=\"twitter:site\" content=\"@itac_corporate\" \/>\n<meta name=\"twitter:label1\" content=\"Dur\u00e9e de lecture estim\u00e9e\" \/>\n\t<meta name=\"twitter:data1\" content=\"1 minute\" \/>\n<script type=\"application\/ld+json\" class=\"yoast-schema-graph\">{\"@context\":\"https:\/\/schema.org\",\"@graph\":[{\"@type\":\"WebPage\",\"@id\":\"https:\/\/indigenoustourism.ca\/fr\/adhesion\/nunavut\/\",\"url\":\"https:\/\/indigenoustourism.ca\/fr\/adhesion\/nunavut\/\",\"name\":\"Nunavut - Association touristique autochtone du Canada\",\"isPartOf\":{\"@id\":\"https:\/\/indigenoustourism.ca\/#website\"},\"datePublished\":\"2021-03-24T16:54:56+00:00\",\"dateModified\":\"2025-01-07T14:32:48+00:00\",\"description\":\"Les membres autochtones de Tourisme Nunavut peuvent d\u00e9sormais b\u00e9n\u00e9ficier d\u2019une adh\u00e9sion gratuite \u00e0 l\u2019ATAC et profiter de nombreux avantages comme des subventions.\",\"breadcrumb\":{\"@id\":\"https:\/\/indigenoustourism.ca\/fr\/adhesion\/nunavut\/#breadcrumb\"},\"inLanguage\":\"fr-FR\",\"potentialAction\":[{\"@type\":\"ReadAction\",\"target\":[\"https:\/\/indigenoustourism.ca\/fr\/adhesion\/nunavut\/\"]}]},{\"@type\":\"BreadcrumbList\",\"@id\":\"https:\/\/indigenoustourism.ca\/fr\/adhesion\/nunavut\/#breadcrumb\",\"itemListElement\":[{\"@type\":\"ListItem\",\"position\":1,\"name\":\"Home\",\"item\":\"https:\/\/indigenoustourism.ca\/fr\/home\/\"},{\"@type\":\"ListItem\",\"position\":2,\"name\":\"Adh\u00e9sion\",\"item\":\"https:\/\/indigenoustourism.ca\/fr\/adhesion\/\"},{\"@type\":\"ListItem\",\"position\":3,\"name\":\"Nunavut\"}]},{\"@type\":\"WebSite\",\"@id\":\"https:\/\/indigenoustourism.ca\/#website\",\"url\":\"https:\/\/indigenoustourism.ca\/\",\"name\":\"Association touristique autochtone du Canada\",\"description\":\"Corporate\",\"publisher\":{\"@id\":\"https:\/\/indigenoustourism.ca\/#organization\"},\"potentialAction\":[{\"@type\":\"SearchAction\",\"target\":{\"@type\":\"EntryPoint\",\"urlTemplate\":\"https:\/\/indigenoustourism.ca\/?s={search_term_string}\"},\"query-input\":{\"@type\":\"PropertyValueSpecification\",\"valueRequired\":true,\"valueName\":\"search_term_string\"}}],\"inLanguage\":\"fr-FR\"},{\"@type\":\"Organization\",\"@id\":\"https:\/\/indigenoustourism.ca\/#organization\",\"name\":\"Association touristique autochtone du Canada\",\"url\":\"https:\/\/indigenoustourism.ca\/\",\"logo\":{\"@type\":\"ImageObject\",\"inLanguage\":\"fr-FR\",\"@id\":\"https:\/\/indigenoustourism.ca\/#\/schema\/logo\/image\/\",\"url\":\"https:\/\/indigenoustourism.ca\/wp-content\/uploads\/2018\/02\/ITAC-logo-corporate-bilingual-standard@300x.png\",\"contentUrl\":\"https:\/\/indigenoustourism.ca\/wp-content\/uploads\/2018\/02\/ITAC-logo-corporate-bilingual-standard@300x.png\",\"width\":2408,\"height\":701,\"caption\":\"Association touristique autochtone du Canada\"},\"image\":{\"@id\":\"https:\/\/indigenoustourism.ca\/#\/schema\/logo\/image\/\"},\"sameAs\":[\"https:\/\/x.com\/itac_corporate\"]}]}<\/script>\n<!-- \/ Yoast SEO plugin. -->","yoast_head_json":{"title":"Nunavut - Association touristique autochtone du Canada","description":"Les membres autochtones de Tourisme Nunavut peuvent d\u00e9sormais b\u00e9n\u00e9ficier d\u2019une adh\u00e9sion gratuite \u00e0 l\u2019ATAC et profiter de nombreux avantages comme des subventions.","robots":{"index":"index","follow":"follow","max-snippet":"max-snippet:-1","max-image-preview":"max-image-preview:large","max-video-preview":"max-video-preview:-1"},"canonical":"https:\/\/indigenoustourism.ca\/fr\/adhesion\/nunavut\/","og_locale":"fr_FR","og_type":"article","og_title":"Nunavut - Association touristique autochtone du Canada","og_description":"Les membres autochtones de Tourisme Nunavut peuvent d\u00e9sormais b\u00e9n\u00e9ficier d\u2019une adh\u00e9sion gratuite \u00e0 l\u2019ATAC et profiter de nombreux avantages comme des subventions.","og_url":"https:\/\/indigenoustourism.ca\/fr\/adhesion\/nunavut\/","og_site_name":"Association touristique autochtone du Canada","article_modified_time":"2025-01-07T14:32:48+00:00","og_image":[{"width":1920,"height":1080,"url":"https:\/\/indigenoustourism.ca\/wp-content\/uploads\/2020\/03\/ITAC-Fallback-Image.jpg","type":"image\/jpeg"}],"twitter_card":"summary_large_image","twitter_site":"@itac_corporate","twitter_misc":{"Dur\u00e9e de lecture estim\u00e9e":"1 minute"},"schema":{"@context":"https:\/\/schema.org","@graph":[{"@type":"WebPage","@id":"https:\/\/indigenoustourism.ca\/fr\/adhesion\/nunavut\/","url":"https:\/\/indigenoustourism.ca\/fr\/adhesion\/nunavut\/","name":"Nunavut - Association touristique autochtone du Canada","isPartOf":{"@id":"https:\/\/indigenoustourism.ca\/#website"},"datePublished":"2021-03-24T16:54:56+00:00","dateModified":"2025-01-07T14:32:48+00:00","description":"Les membres autochtones de Tourisme Nunavut peuvent d\u00e9sormais b\u00e9n\u00e9ficier d\u2019une adh\u00e9sion gratuite \u00e0 l\u2019ATAC et profiter de nombreux avantages comme des subventions.","breadcrumb":{"@id":"https:\/\/indigenoustourism.ca\/fr\/adhesion\/nunavut\/#breadcrumb"},"inLanguage":"fr-FR","potentialAction":[{"@type":"ReadAction","target":["https:\/\/indigenoustourism.ca\/fr\/adhesion\/nunavut\/"]}]},{"@type":"BreadcrumbList","@id":"https:\/\/indigenoustourism.ca\/fr\/adhesion\/nunavut\/#breadcrumb","itemListElement":[{"@type":"ListItem","position":1,"name":"Home","item":"https:\/\/indigenoustourism.ca\/fr\/home\/"},{"@type":"ListItem","position":2,"name":"Adh\u00e9sion","item":"https:\/\/indigenoustourism.ca\/fr\/adhesion\/"},{"@type":"ListItem","position":3,"name":"Nunavut"}]},{"@type":"WebSite","@id":"https:\/\/indigenoustourism.ca\/#website","url":"https:\/\/indigenoustourism.ca\/","name":"Association touristique autochtone du Canada","description":"Corporate","publisher":{"@id":"https:\/\/indigenoustourism.ca\/#organization"},"potentialAction":[{"@type":"SearchAction","target":{"@type":"EntryPoint","urlTemplate":"https:\/\/indigenoustourism.ca\/?s={search_term_string}"},"query-input":{"@type":"PropertyValueSpecification","valueRequired":true,"valueName":"search_term_string"}}],"inLanguage":"fr-FR"},{"@type":"Organization","@id":"https:\/\/indigenoustourism.ca\/#organization","name":"Association touristique autochtone du Canada","url":"https:\/\/indigenoustourism.ca\/","logo":{"@type":"ImageObject","inLanguage":"fr-FR","@id":"https:\/\/indigenoustourism.ca\/#\/schema\/logo\/image\/","url":"https:\/\/indigenoustourism.ca\/wp-content\/uploads\/2018\/02\/ITAC-logo-corporate-bilingual-standard@300x.png","contentUrl":"https:\/\/indigenoustourism.ca\/wp-content\/uploads\/2018\/02\/ITAC-logo-corporate-bilingual-standard@300x.png","width":2408,"height":701,"caption":"Association touristique autochtone du Canada"},"image":{"@id":"https:\/\/indigenoustourism.ca\/#\/schema\/logo\/image\/"},"sameAs":["https:\/\/x.com\/itac_corporate"]}]}},"_links":{"self":[{"href":"https:\/\/indigenoustourism.ca\/fr\/wp-json\/wp\/v2\/pages\/19916","targetHints":{"allow":["GET"]}}],"collection":[{"href":"https:\/\/indigenoustourism.ca\/fr\/wp-json\/wp\/v2\/pages"}],"about":[{"href":"https:\/\/indigenoustourism.ca\/fr\/wp-json\/wp\/v2\/types\/page"}],"author":[{"embeddable":true,"href":"https:\/\/indigenoustourism.ca\/fr\/wp-json\/wp\/v2\/users\/14"}],"replies":[{"embeddable":true,"href":"https:\/\/indigenoustourism.ca\/fr\/wp-json\/wp\/v2\/comments?post=19916"}],"version-history":[{"count":0,"href":"https:\/\/indigenoustourism.ca\/fr\/wp-json\/wp\/v2\/pages\/19916\/revisions"}],"up":[{"embeddable":true,"href":"https:\/\/indigenoustourism.ca\/fr\/wp-json\/wp\/v2\/pages\/20326"}],"wp:attachment":[{"href":"https:\/\/indigenoustourism.ca\/fr\/wp-json\/wp\/v2\/media?parent=19916"}],"curies":[{"name":"wp","href":"https:\/\/api.w.org\/{rel}","templated":true}]}}