{"id":19875,"date":"2021-03-23T17:02:57","date_gmt":"2021-03-24T00:02:57","guid":{"rendered":"https:\/\/itac.tucdev.io\/?page_id=19875"},"modified":"2025-01-06T16:04:36","modified_gmt":"2025-01-07T00:04:36","slug":"quebec","status":"publish","type":"page","link":"https:\/\/indigenoustourism.ca\/fr\/adhesion\/quebec\/","title":{"rendered":"Qu\u00e9bec"},"content":{"rendered":"<p>Depuis des mill\u00e9naires, les autochtones du Qu\u00e9bec sont connus pour leurs valeurs profondes d&rsquo;hospitalit\u00e9 et de partage. Partout sur notre majestueux territoire, les 55 communaut\u00e9s autochtones vous invitent \u00e0 d\u00e9couvrir une exp\u00e9rience autochtone enrichie des diverses saveurs de nos r\u00e9gions, nos nations et cultures.<\/p>\n","protected":false},"excerpt":{"rendered":"<p>Depuis des mill\u00e9naires, les autochtones du Qu\u00e9bec sont connus pour leurs valeurs profondes d&rsquo;hospitalit\u00e9 et de partage. Partout sur notre majestueux territoire, les 55 communaut\u00e9s autochtones vous invitent \u00e0 d\u00e9couvrir une exp\u00e9rience autochtone enrichie des diverses saveurs de nos r\u00e9gions, nos nations et cultures.<\/p>\n","protected":false},"author":14,"featured_media":0,"parent":20326,"menu_order":0,"comment_status":"closed","ping_status":"closed","template":"page-templates\/page-membership-region.php","meta":{"_acf_changed":false,"footnotes":""},"class_list":["post-19875","page","type-page","status-publish","hentry","region-quebec-fr"],"acf":[],"yoast_head":"<!-- This site is optimized with the Yoast SEO plugin v24.6 - https:\/\/yoast.com\/wordpress\/plugins\/seo\/ -->\n<title>Qu\u00e9bec - Association touristique autochtone du Canada<\/title>\n<meta name=\"description\" content=\"Lorsque vous vous inscrivez en tant que membre de TAQ, vous b\u00e9n\u00e9ficiez \u00e9galement d\u2019une adh\u00e9sion de base \u00e0 l\u2019ATAC et pouvez profiter de tous les avantages qui y sont associ\u00e9s.\" \/>\n<meta name=\"robots\" content=\"index, follow, max-snippet:-1, max-image-preview:large, max-video-preview:-1\" \/>\n<link rel=\"canonical\" href=\"https:\/\/indigenoustourism.ca\/fr\/adhesion\/quebec\/\" \/>\n<meta property=\"og:locale\" content=\"fr_FR\" \/>\n<meta property=\"og:type\" content=\"article\" \/>\n<meta property=\"og:title\" content=\"Qu\u00e9bec - Association touristique autochtone du Canada\" \/>\n<meta property=\"og:description\" content=\"Lorsque vous vous inscrivez en tant que membre de TAQ, vous b\u00e9n\u00e9ficiez \u00e9galement d\u2019une adh\u00e9sion de base \u00e0 l\u2019ATAC et pouvez profiter de tous les avantages qui y sont associ\u00e9s.\" \/>\n<meta property=\"og:url\" content=\"https:\/\/indigenoustourism.ca\/fr\/adhesion\/quebec\/\" \/>\n<meta property=\"og:site_name\" content=\"Association touristique autochtone du Canada\" \/>\n<meta property=\"article:modified_time\" content=\"2025-01-07T00:04:36+00:00\" \/>\n<meta property=\"og:image\" content=\"https:\/\/indigenoustourism.ca\/wp-content\/uploads\/2020\/03\/ITAC-Fallback-Image.jpg\" \/>\n\t<meta property=\"og:image:width\" content=\"1920\" \/>\n\t<meta property=\"og:image:height\" content=\"1080\" \/>\n\t<meta property=\"og:image:type\" content=\"image\/jpeg\" \/>\n<meta name=\"twitter:card\" content=\"summary_large_image\" \/>\n<meta name=\"twitter:site\" content=\"@itac_corporate\" \/>\n<meta name=\"twitter:label1\" content=\"Dur\u00e9e de lecture estim\u00e9e\" \/>\n\t<meta name=\"twitter:data1\" content=\"1 minute\" \/>\n<script type=\"application\/ld+json\" class=\"yoast-schema-graph\">{\"@context\":\"https:\/\/schema.org\",\"@graph\":[{\"@type\":\"WebPage\",\"@id\":\"https:\/\/indigenoustourism.ca\/fr\/adhesion\/quebec\/\",\"url\":\"https:\/\/indigenoustourism.ca\/fr\/adhesion\/quebec\/\",\"name\":\"Qu\u00e9bec - Association touristique autochtone du Canada\",\"isPartOf\":{\"@id\":\"https:\/\/indigenoustourism.ca\/#website\"},\"datePublished\":\"2021-03-24T00:02:57+00:00\",\"dateModified\":\"2025-01-07T00:04:36+00:00\",\"description\":\"Lorsque vous vous inscrivez en tant que membre de TAQ, vous b\u00e9n\u00e9ficiez \u00e9galement d\u2019une adh\u00e9sion de base \u00e0 l\u2019ATAC et pouvez profiter de tous les avantages qui y sont associ\u00e9s.\",\"breadcrumb\":{\"@id\":\"https:\/\/indigenoustourism.ca\/fr\/adhesion\/quebec\/#breadcrumb\"},\"inLanguage\":\"fr-FR\",\"potentialAction\":[{\"@type\":\"ReadAction\",\"target\":[\"https:\/\/indigenoustourism.ca\/fr\/adhesion\/quebec\/\"]}]},{\"@type\":\"BreadcrumbList\",\"@id\":\"https:\/\/indigenoustourism.ca\/fr\/adhesion\/quebec\/#breadcrumb\",\"itemListElement\":[{\"@type\":\"ListItem\",\"position\":1,\"name\":\"Home\",\"item\":\"https:\/\/indigenoustourism.ca\/fr\/home\/\"},{\"@type\":\"ListItem\",\"position\":2,\"name\":\"Adh\u00e9sion\",\"item\":\"https:\/\/indigenoustourism.ca\/fr\/adhesion\/\"},{\"@type\":\"ListItem\",\"position\":3,\"name\":\"Qu\u00e9bec\"}]},{\"@type\":\"WebSite\",\"@id\":\"https:\/\/indigenoustourism.ca\/#website\",\"url\":\"https:\/\/indigenoustourism.ca\/\",\"name\":\"Association touristique autochtone du Canada\",\"description\":\"Corporate\",\"publisher\":{\"@id\":\"https:\/\/indigenoustourism.ca\/#organization\"},\"potentialAction\":[{\"@type\":\"SearchAction\",\"target\":{\"@type\":\"EntryPoint\",\"urlTemplate\":\"https:\/\/indigenoustourism.ca\/?s={search_term_string}\"},\"query-input\":{\"@type\":\"PropertyValueSpecification\",\"valueRequired\":true,\"valueName\":\"search_term_string\"}}],\"inLanguage\":\"fr-FR\"},{\"@type\":\"Organization\",\"@id\":\"https:\/\/indigenoustourism.ca\/#organization\",\"name\":\"Association touristique autochtone du Canada\",\"url\":\"https:\/\/indigenoustourism.ca\/\",\"logo\":{\"@type\":\"ImageObject\",\"inLanguage\":\"fr-FR\",\"@id\":\"https:\/\/indigenoustourism.ca\/#\/schema\/logo\/image\/\",\"url\":\"https:\/\/indigenoustourism.ca\/wp-content\/uploads\/2018\/02\/ITAC-logo-corporate-bilingual-standard@300x.png\",\"contentUrl\":\"https:\/\/indigenoustourism.ca\/wp-content\/uploads\/2018\/02\/ITAC-logo-corporate-bilingual-standard@300x.png\",\"width\":2408,\"height\":701,\"caption\":\"Association touristique autochtone du Canada\"},\"image\":{\"@id\":\"https:\/\/indigenoustourism.ca\/#\/schema\/logo\/image\/\"},\"sameAs\":[\"https:\/\/x.com\/itac_corporate\"]}]}<\/script>\n<!-- \/ Yoast SEO plugin. -->","yoast_head_json":{"title":"Qu\u00e9bec - Association touristique autochtone du Canada","description":"Lorsque vous vous inscrivez en tant que membre de TAQ, vous b\u00e9n\u00e9ficiez \u00e9galement d\u2019une adh\u00e9sion de base \u00e0 l\u2019ATAC et pouvez profiter de tous les avantages qui y sont associ\u00e9s.","robots":{"index":"index","follow":"follow","max-snippet":"max-snippet:-1","max-image-preview":"max-image-preview:large","max-video-preview":"max-video-preview:-1"},"canonical":"https:\/\/indigenoustourism.ca\/fr\/adhesion\/quebec\/","og_locale":"fr_FR","og_type":"article","og_title":"Qu\u00e9bec - Association touristique autochtone du Canada","og_description":"Lorsque vous vous inscrivez en tant que membre de TAQ, vous b\u00e9n\u00e9ficiez \u00e9galement d\u2019une adh\u00e9sion de base \u00e0 l\u2019ATAC et pouvez profiter de tous les avantages qui y sont associ\u00e9s.","og_url":"https:\/\/indigenoustourism.ca\/fr\/adhesion\/quebec\/","og_site_name":"Association touristique autochtone du Canada","article_modified_time":"2025-01-07T00:04:36+00:00","og_image":[{"width":1920,"height":1080,"url":"https:\/\/indigenoustourism.ca\/wp-content\/uploads\/2020\/03\/ITAC-Fallback-Image.jpg","type":"image\/jpeg"}],"twitter_card":"summary_large_image","twitter_site":"@itac_corporate","twitter_misc":{"Dur\u00e9e de lecture estim\u00e9e":"1 minute"},"schema":{"@context":"https:\/\/schema.org","@graph":[{"@type":"WebPage","@id":"https:\/\/indigenoustourism.ca\/fr\/adhesion\/quebec\/","url":"https:\/\/indigenoustourism.ca\/fr\/adhesion\/quebec\/","name":"Qu\u00e9bec - Association touristique autochtone du Canada","isPartOf":{"@id":"https:\/\/indigenoustourism.ca\/#website"},"datePublished":"2021-03-24T00:02:57+00:00","dateModified":"2025-01-07T00:04:36+00:00","description":"Lorsque vous vous inscrivez en tant que membre de TAQ, vous b\u00e9n\u00e9ficiez \u00e9galement d\u2019une adh\u00e9sion de base \u00e0 l\u2019ATAC et pouvez profiter de tous les avantages qui y sont associ\u00e9s.","breadcrumb":{"@id":"https:\/\/indigenoustourism.ca\/fr\/adhesion\/quebec\/#breadcrumb"},"inLanguage":"fr-FR","potentialAction":[{"@type":"ReadAction","target":["https:\/\/indigenoustourism.ca\/fr\/adhesion\/quebec\/"]}]},{"@type":"BreadcrumbList","@id":"https:\/\/indigenoustourism.ca\/fr\/adhesion\/quebec\/#breadcrumb","itemListElement":[{"@type":"ListItem","position":1,"name":"Home","item":"https:\/\/indigenoustourism.ca\/fr\/home\/"},{"@type":"ListItem","position":2,"name":"Adh\u00e9sion","item":"https:\/\/indigenoustourism.ca\/fr\/adhesion\/"},{"@type":"ListItem","position":3,"name":"Qu\u00e9bec"}]},{"@type":"WebSite","@id":"https:\/\/indigenoustourism.ca\/#website","url":"https:\/\/indigenoustourism.ca\/","name":"Association touristique autochtone du Canada","description":"Corporate","publisher":{"@id":"https:\/\/indigenoustourism.ca\/#organization"},"potentialAction":[{"@type":"SearchAction","target":{"@type":"EntryPoint","urlTemplate":"https:\/\/indigenoustourism.ca\/?s={search_term_string}"},"query-input":{"@type":"PropertyValueSpecification","valueRequired":true,"valueName":"search_term_string"}}],"inLanguage":"fr-FR"},{"@type":"Organization","@id":"https:\/\/indigenoustourism.ca\/#organization","name":"Association touristique autochtone du Canada","url":"https:\/\/indigenoustourism.ca\/","logo":{"@type":"ImageObject","inLanguage":"fr-FR","@id":"https:\/\/indigenoustourism.ca\/#\/schema\/logo\/image\/","url":"https:\/\/indigenoustourism.ca\/wp-content\/uploads\/2018\/02\/ITAC-logo-corporate-bilingual-standard@300x.png","contentUrl":"https:\/\/indigenoustourism.ca\/wp-content\/uploads\/2018\/02\/ITAC-logo-corporate-bilingual-standard@300x.png","width":2408,"height":701,"caption":"Association touristique autochtone du Canada"},"image":{"@id":"https:\/\/indigenoustourism.ca\/#\/schema\/logo\/image\/"},"sameAs":["https:\/\/x.com\/itac_corporate"]}]}},"_links":{"self":[{"href":"https:\/\/indigenoustourism.ca\/fr\/wp-json\/wp\/v2\/pages\/19875","targetHints":{"allow":["GET"]}}],"collection":[{"href":"https:\/\/indigenoustourism.ca\/fr\/wp-json\/wp\/v2\/pages"}],"about":[{"href":"https:\/\/indigenoustourism.ca\/fr\/wp-json\/wp\/v2\/types\/page"}],"author":[{"embeddable":true,"href":"https:\/\/indigenoustourism.ca\/fr\/wp-json\/wp\/v2\/users\/14"}],"replies":[{"embeddable":true,"href":"https:\/\/indigenoustourism.ca\/fr\/wp-json\/wp\/v2\/comments?post=19875"}],"version-history":[{"count":0,"href":"https:\/\/indigenoustourism.ca\/fr\/wp-json\/wp\/v2\/pages\/19875\/revisions"}],"up":[{"embeddable":true,"href":"https:\/\/indigenoustourism.ca\/fr\/wp-json\/wp\/v2\/pages\/20326"}],"wp:attachment":[{"href":"https:\/\/indigenoustourism.ca\/fr\/wp-json\/wp\/v2\/media?parent=19875"}],"curies":[{"name":"wp","href":"https:\/\/api.w.org\/{rel}","templated":true}]}}