{"id":12542,"date":"2020-01-16T14:59:18","date_gmt":"2020-01-16T22:59:18","guid":{"rendered":"https:\/\/indigenoustourism.ca\/corporate\/?page_id=12542"},"modified":"2020-01-16T16:25:40","modified_gmt":"2020-01-17T00:25:40","slug":"demandes-et-renouvellement-a-venir","status":"publish","type":"page","link":"https:\/\/indigenoustourism.ca\/fr\/demandes-et-renouvellement-a-venir\/","title":{"rendered":"Candidatures \u00e0 Venir"},"content":{"rendered":"<p>Toute personne ou organisation int\u00e9ress\u00e9e \u00e0 contribuer \u00e0 l\u2019avancement du tourisme autochtone au Canada peut faire une demande pour devenir membre de l\u2019ATAC.<\/p>\n<p>Les membres de l\u2019ATAC ont la possibilit\u00e9 de participer aux programmes de marketing, de ventes et de d\u00e9veloppement des affaires. Les membres qui ont le statut \u00ab\u00a0commercialisable\u00a0\u00bb et dont au moins 51 % des parts sont d\u00e9tenues par les Autochtones ont \u00e9galement la possibilit\u00e9 de faire partie de la liste des membres sur le site <a href=\"https:\/\/indigenoustourism.ca\/\" target=\"_blank\" rel=\"noopener noreferrer\">IndigenousTourism.ca<\/a> et de figurer dans le <a href=\"https:\/\/indigenoustourism.ca\/fr\/le-guide-des-experiences-autochtones\/\" rel=\"noopener\">Guide des exp\u00e9riences touristiques autochtones<\/a>.<\/p>\n<h2>Candidatures \u00e0 Venir<\/h2>\n","protected":false},"excerpt":{"rendered":"<p>Toute personne ou organisation int\u00e9ress\u00e9e \u00e0 contribuer \u00e0 l\u2019avancement du tourisme autochtone au Canada peut faire une demande pour devenir membre de l\u2019ATAC. Les membres de l\u2019ATAC ont la possibilit\u00e9 de participer aux programmes de marketing, de ventes et de d\u00e9veloppement des affaires. Les membres qui ont le statut \u00ab\u00a0commercialisable\u00a0\u00bb et dont au moins 51 [&hellip;]<\/p>\n","protected":false},"author":14,"featured_media":0,"parent":0,"menu_order":0,"comment_status":"closed","ping_status":"closed","template":"","meta":{"_acf_changed":false,"footnotes":""},"class_list":["post-12542","page","type-page","status-publish","hentry"],"acf":[],"yoast_head":"<!-- This site is optimized with the Yoast SEO plugin v24.6 - https:\/\/yoast.com\/wordpress\/plugins\/seo\/ -->\n<title>Candidatures \u00e0 Venir - Association touristique autochtone du Canada<\/title>\n<meta name=\"description\" content=\"Toute personne ou organisation int\u00e9ress\u00e9e \u00e0 contribuer \u00e0 l\u2019avancement du tourisme autochtone au Canada peut faire une demande pour devenir membre de\" \/>\n<meta name=\"robots\" content=\"index, follow, max-snippet:-1, max-image-preview:large, max-video-preview:-1\" \/>\n<link rel=\"canonical\" href=\"https:\/\/indigenoustourism.ca\/fr\/demandes-et-renouvellement-a-venir\/\" \/>\n<meta property=\"og:locale\" content=\"fr_FR\" \/>\n<meta property=\"og:type\" content=\"article\" \/>\n<meta property=\"og:title\" content=\"Candidatures \u00e0 Venir - Association touristique autochtone du Canada\" \/>\n<meta property=\"og:description\" content=\"Toute personne ou organisation int\u00e9ress\u00e9e \u00e0 contribuer \u00e0 l\u2019avancement du tourisme autochtone au Canada peut faire une demande pour devenir membre de\" \/>\n<meta property=\"og:url\" content=\"https:\/\/indigenoustourism.ca\/fr\/demandes-et-renouvellement-a-venir\/\" \/>\n<meta property=\"og:site_name\" content=\"Association touristique autochtone du Canada\" \/>\n<meta property=\"article:modified_time\" content=\"2020-01-17T00:25:40+00:00\" \/>\n<meta property=\"og:image\" content=\"https:\/\/indigenoustourism.ca\/wp-content\/uploads\/2020\/03\/ITAC-Fallback-Image.jpg\" \/>\n\t<meta property=\"og:image:width\" content=\"1920\" \/>\n\t<meta property=\"og:image:height\" content=\"1080\" \/>\n\t<meta property=\"og:image:type\" content=\"image\/jpeg\" \/>\n<meta name=\"twitter:card\" content=\"summary_large_image\" \/>\n<meta name=\"twitter:site\" content=\"@itac_corporate\" \/>\n<script type=\"application\/ld+json\" class=\"yoast-schema-graph\">{\"@context\":\"https:\/\/schema.org\",\"@graph\":[{\"@type\":\"WebPage\",\"@id\":\"https:\/\/indigenoustourism.ca\/fr\/demandes-et-renouvellement-a-venir\/\",\"url\":\"https:\/\/indigenoustourism.ca\/fr\/demandes-et-renouvellement-a-venir\/\",\"name\":\"Candidatures \u00e0 Venir - Association touristique autochtone du Canada\",\"isPartOf\":{\"@id\":\"https:\/\/indigenoustourism.ca\/#website\"},\"datePublished\":\"2020-01-16T22:59:18+00:00\",\"dateModified\":\"2020-01-17T00:25:40+00:00\",\"description\":\"Toute personne ou organisation int\u00e9ress\u00e9e \u00e0 contribuer \u00e0 l\u2019avancement du tourisme autochtone au Canada peut faire une demande pour devenir membre de\",\"breadcrumb\":{\"@id\":\"https:\/\/indigenoustourism.ca\/fr\/demandes-et-renouvellement-a-venir\/#breadcrumb\"},\"inLanguage\":\"fr-FR\",\"potentialAction\":[{\"@type\":\"ReadAction\",\"target\":[\"https:\/\/indigenoustourism.ca\/fr\/demandes-et-renouvellement-a-venir\/\"]}]},{\"@type\":\"BreadcrumbList\",\"@id\":\"https:\/\/indigenoustourism.ca\/fr\/demandes-et-renouvellement-a-venir\/#breadcrumb\",\"itemListElement\":[{\"@type\":\"ListItem\",\"position\":1,\"name\":\"Home\",\"item\":\"https:\/\/indigenoustourism.ca\/fr\/home\/\"},{\"@type\":\"ListItem\",\"position\":2,\"name\":\"Candidatures \u00e0 Venir\"}]},{\"@type\":\"WebSite\",\"@id\":\"https:\/\/indigenoustourism.ca\/#website\",\"url\":\"https:\/\/indigenoustourism.ca\/\",\"name\":\"Association touristique autochtone du Canada\",\"description\":\"Corporate\",\"publisher\":{\"@id\":\"https:\/\/indigenoustourism.ca\/#organization\"},\"potentialAction\":[{\"@type\":\"SearchAction\",\"target\":{\"@type\":\"EntryPoint\",\"urlTemplate\":\"https:\/\/indigenoustourism.ca\/?s={search_term_string}\"},\"query-input\":{\"@type\":\"PropertyValueSpecification\",\"valueRequired\":true,\"valueName\":\"search_term_string\"}}],\"inLanguage\":\"fr-FR\"},{\"@type\":\"Organization\",\"@id\":\"https:\/\/indigenoustourism.ca\/#organization\",\"name\":\"Association touristique autochtone du Canada\",\"url\":\"https:\/\/indigenoustourism.ca\/\",\"logo\":{\"@type\":\"ImageObject\",\"inLanguage\":\"fr-FR\",\"@id\":\"https:\/\/indigenoustourism.ca\/#\/schema\/logo\/image\/\",\"url\":\"https:\/\/indigenoustourism.ca\/wp-content\/uploads\/2018\/02\/ITAC-logo-corporate-bilingual-standard@300x.png\",\"contentUrl\":\"https:\/\/indigenoustourism.ca\/wp-content\/uploads\/2018\/02\/ITAC-logo-corporate-bilingual-standard@300x.png\",\"width\":2408,\"height\":701,\"caption\":\"Association touristique autochtone du Canada\"},\"image\":{\"@id\":\"https:\/\/indigenoustourism.ca\/#\/schema\/logo\/image\/\"},\"sameAs\":[\"https:\/\/x.com\/itac_corporate\"]}]}<\/script>\n<!-- \/ Yoast SEO plugin. -->","yoast_head_json":{"title":"Candidatures \u00e0 Venir - Association touristique autochtone du Canada","description":"Toute personne ou organisation int\u00e9ress\u00e9e \u00e0 contribuer \u00e0 l\u2019avancement du tourisme autochtone au Canada peut faire une demande pour devenir membre de","robots":{"index":"index","follow":"follow","max-snippet":"max-snippet:-1","max-image-preview":"max-image-preview:large","max-video-preview":"max-video-preview:-1"},"canonical":"https:\/\/indigenoustourism.ca\/fr\/demandes-et-renouvellement-a-venir\/","og_locale":"fr_FR","og_type":"article","og_title":"Candidatures \u00e0 Venir - Association touristique autochtone du Canada","og_description":"Toute personne ou organisation int\u00e9ress\u00e9e \u00e0 contribuer \u00e0 l\u2019avancement du tourisme autochtone au Canada peut faire une demande pour devenir membre de","og_url":"https:\/\/indigenoustourism.ca\/fr\/demandes-et-renouvellement-a-venir\/","og_site_name":"Association touristique autochtone du Canada","article_modified_time":"2020-01-17T00:25:40+00:00","og_image":[{"width":1920,"height":1080,"url":"https:\/\/indigenoustourism.ca\/wp-content\/uploads\/2020\/03\/ITAC-Fallback-Image.jpg","type":"image\/jpeg"}],"twitter_card":"summary_large_image","twitter_site":"@itac_corporate","schema":{"@context":"https:\/\/schema.org","@graph":[{"@type":"WebPage","@id":"https:\/\/indigenoustourism.ca\/fr\/demandes-et-renouvellement-a-venir\/","url":"https:\/\/indigenoustourism.ca\/fr\/demandes-et-renouvellement-a-venir\/","name":"Candidatures \u00e0 Venir - Association touristique autochtone du Canada","isPartOf":{"@id":"https:\/\/indigenoustourism.ca\/#website"},"datePublished":"2020-01-16T22:59:18+00:00","dateModified":"2020-01-17T00:25:40+00:00","description":"Toute personne ou organisation int\u00e9ress\u00e9e \u00e0 contribuer \u00e0 l\u2019avancement du tourisme autochtone au Canada peut faire une demande pour devenir membre de","breadcrumb":{"@id":"https:\/\/indigenoustourism.ca\/fr\/demandes-et-renouvellement-a-venir\/#breadcrumb"},"inLanguage":"fr-FR","potentialAction":[{"@type":"ReadAction","target":["https:\/\/indigenoustourism.ca\/fr\/demandes-et-renouvellement-a-venir\/"]}]},{"@type":"BreadcrumbList","@id":"https:\/\/indigenoustourism.ca\/fr\/demandes-et-renouvellement-a-venir\/#breadcrumb","itemListElement":[{"@type":"ListItem","position":1,"name":"Home","item":"https:\/\/indigenoustourism.ca\/fr\/home\/"},{"@type":"ListItem","position":2,"name":"Candidatures \u00e0 Venir"}]},{"@type":"WebSite","@id":"https:\/\/indigenoustourism.ca\/#website","url":"https:\/\/indigenoustourism.ca\/","name":"Association touristique autochtone du Canada","description":"Corporate","publisher":{"@id":"https:\/\/indigenoustourism.ca\/#organization"},"potentialAction":[{"@type":"SearchAction","target":{"@type":"EntryPoint","urlTemplate":"https:\/\/indigenoustourism.ca\/?s={search_term_string}"},"query-input":{"@type":"PropertyValueSpecification","valueRequired":true,"valueName":"search_term_string"}}],"inLanguage":"fr-FR"},{"@type":"Organization","@id":"https:\/\/indigenoustourism.ca\/#organization","name":"Association touristique autochtone du Canada","url":"https:\/\/indigenoustourism.ca\/","logo":{"@type":"ImageObject","inLanguage":"fr-FR","@id":"https:\/\/indigenoustourism.ca\/#\/schema\/logo\/image\/","url":"https:\/\/indigenoustourism.ca\/wp-content\/uploads\/2018\/02\/ITAC-logo-corporate-bilingual-standard@300x.png","contentUrl":"https:\/\/indigenoustourism.ca\/wp-content\/uploads\/2018\/02\/ITAC-logo-corporate-bilingual-standard@300x.png","width":2408,"height":701,"caption":"Association touristique autochtone du Canada"},"image":{"@id":"https:\/\/indigenoustourism.ca\/#\/schema\/logo\/image\/"},"sameAs":["https:\/\/x.com\/itac_corporate"]}]}},"_links":{"self":[{"href":"https:\/\/indigenoustourism.ca\/fr\/wp-json\/wp\/v2\/pages\/12542","targetHints":{"allow":["GET"]}}],"collection":[{"href":"https:\/\/indigenoustourism.ca\/fr\/wp-json\/wp\/v2\/pages"}],"about":[{"href":"https:\/\/indigenoustourism.ca\/fr\/wp-json\/wp\/v2\/types\/page"}],"author":[{"embeddable":true,"href":"https:\/\/indigenoustourism.ca\/fr\/wp-json\/wp\/v2\/users\/14"}],"replies":[{"embeddable":true,"href":"https:\/\/indigenoustourism.ca\/fr\/wp-json\/wp\/v2\/comments?post=12542"}],"version-history":[{"count":0,"href":"https:\/\/indigenoustourism.ca\/fr\/wp-json\/wp\/v2\/pages\/12542\/revisions"}],"wp:attachment":[{"href":"https:\/\/indigenoustourism.ca\/fr\/wp-json\/wp\/v2\/media?parent=12542"}],"curies":[{"name":"wp","href":"https:\/\/api.w.org\/{rel}","templated":true}]}}